{"id":2555,"date":"2019-01-21T08:26:11","date_gmt":"2019-01-21T08:26:11","guid":{"rendered":"https:\/\/naturayculturatours.com\/aviso-legal\/"},"modified":"2019-01-21T08:26:12","modified_gmt":"2019-01-21T08:26:12","slug":"aviso-legal","status":"publish","type":"page","link":"https:\/\/naturayculturatours.com\/val\/aviso-legal\/","title":{"rendered":"Aviso legal"},"content":{"rendered":"\t\t<div data-elementor-type=\"wp-post\" data-elementor-id=\"2555\" class=\"elementor elementor-2555 elementor-1857 elementor-bc-flex-widget\" data-elementor-post-type=\"page\">\n\t\t\t\t\t\t<section class=\"elementor-section elementor-top-section elementor-element elementor-element-bc93d3d elementor-section-boxed elementor-section-height-default elementor-section-height-default\" data-id=\"bc93d3d\" data-element_type=\"section\" data-settings=\"{&quot;jet_parallax_layout_list&quot;:[{&quot;jet_parallax_layout_image&quot;:{&quot;url&quot;:&quot;&quot;,&quot;id&quot;:&quot;&quot;,&quot;size&quot;:&quot;&quot;},&quot;_id&quot;:&quot;c68d52d&quot;,&quot;jet_parallax_layout_speed&quot;:{&quot;unit&quot;:&quot;%&quot;,&quot;size&quot;:50,&quot;sizes&quot;:[]},&quot;jet_parallax_layout_type&quot;:&quot;scroll&quot;,&quot;jet_parallax_layout_z_index&quot;:&quot;&quot;,&quot;jet_parallax_layout_bg_x&quot;:50,&quot;jet_parallax_layout_bg_y&quot;:50,&quot;jet_parallax_layout_bg_size&quot;:&quot;auto&quot;,&quot;jet_parallax_layout_animation_prop&quot;:&quot;transform&quot;,&quot;jet_parallax_layout_on&quot;:[&quot;desktop&quot;,&quot;tablet&quot;],&quot;jet_parallax_layout_image_tablet&quot;:{&quot;url&quot;:&quot;&quot;,&quot;id&quot;:&quot;&quot;,&quot;size&quot;:&quot;&quot;},&quot;jet_parallax_layout_image_mobile&quot;:{&quot;url&quot;:&quot;&quot;,&quot;id&quot;:&quot;&quot;,&quot;size&quot;:&quot;&quot;},&quot;jet_parallax_layout_direction&quot;:&quot;1&quot;,&quot;jet_parallax_layout_fx_direction&quot;:null,&quot;jet_parallax_layout_bg_x_tablet&quot;:&quot;&quot;,&quot;jet_parallax_layout_bg_x_mobile&quot;:&quot;&quot;,&quot;jet_parallax_layout_bg_y_tablet&quot;:&quot;&quot;,&quot;jet_parallax_layout_bg_y_mobile&quot;:&quot;&quot;,&quot;jet_parallax_layout_bg_size_tablet&quot;:&quot;&quot;,&quot;jet_parallax_layout_bg_size_mobile&quot;:&quot;&quot;}]}\">\n\t\t\t\t\t\t<div class=\"elementor-container elementor-column-gap-default\">\n\t\t\t\t\t<div class=\"elementor-column elementor-col-100 elementor-top-column elementor-element elementor-element-05778c0\" data-id=\"05778c0\" data-element_type=\"column\">\n\t\t\t<div class=\"elementor-widget-wrap elementor-element-populated\">\n\t\t\t\t\t\t<div class=\"elementor-element elementor-element-6c4cf3a elementor-widget elementor-widget-text-editor\" data-id=\"6c4cf3a\" data-element_type=\"widget\" data-widget_type=\"text-editor.default\">\n\t\t\t\t<div class=\"elementor-widget-container\">\n\t\t\t\t\t\t\t\t\t<p>En cumplimiento del Art\u00edculo 10 de la Ley 34\/2002, de 11 de julio, de servicios de la sociedad de la informaci\u00f3n y de Comercio Electr\u00f3nico (LSSI), se informa que:<\/p>\n<p>NATURA Y CULTURA TOURS es una marca registrada y una p\u00e1gina web con dominio que son propiedad de Natura y Cultura Servicios Ambientales Sociedad Limitada (en adelante Natura y Cultura) inscrita en el Registro Mercantil y con NIF B97721534, con domicilio en calle Acequia Favara, 30 bajo, 46470 MASSANASSA (Valencia, Espa\u00f1a), con el objeto de la comercializaci\u00f3n editorial, tanto en formato papel como en formato digital, y la prestaci\u00f3n de servicios educativos relativos a la educaci\u00f3n ambiental y la formaci\u00f3n. El correo electr\u00f3nico de contacto: albano@naturaycultura.com<\/p>\n<h3>I. Condiciones de uso<\/h3>\n<p>La utilizaci\u00f3n de la web es de car\u00e1cter gratuito, y en alg\u00fan caso dicha utilizaci\u00f3n podr\u00eda estar sujeta a Condiciones Generales y Condiciones Particulares de utilizaci\u00f3n. Por ello, el acceso y utilizaci\u00f3n de los servicios de la web significar\u00e1 la aceptaci\u00f3n de dichas Condiciones.<\/p>\n<p>Natura y Cultura Servicios Ambientales, SL, podr\u00e1 en todo momento y sin previo aviso modificar las presentes Condiciones de uso, siempre y cuando queden publicadas en la web para poder ser consultadas por todas las personas que la visiten, se conviertan o no en usuarios.<\/p>\n<h3>II. Contenidos, t\u00e9rminos legales y responsabilidades<\/h3>\n<p>La Web contiene informaci\u00f3n y otros contenidos elaborados por el titular de la misma y sus colaboradores, los cuales tienen fines meramente informativos, y a que en alguna ocasi\u00f3n \u00e9stos podr\u00edan no reflejar la actualidad m\u00e1s reciente, por lo que en cualquier momento dichos contenidos podr\u00e1n ser modificados y\/o sustituidos por unos nuevos, sin notificaci\u00f3n previa, ni responsabilidad alguna.<\/p>\n<p>Los contenidos de la web no pueden ser considerados, en ning\u00fan caso, como sustitutivos de asesoramiento legal, ni de ning\u00fan otro tipo de asesoramiento. No existir\u00e1 ning\u00fan tipo de relaci\u00f3n comercial, profesional, ni ning\u00fan tipo de relaci\u00f3n de otra \u00edndole con los profesionales que integran la web por el mero hecho del acceso a ella por parte de los usuarios.<\/p>\n<p>Cuando se faciliten enlaces a contenidos diferentes a la web NATURA Y CULTURA TOURS , no habr\u00e1 responsabilidad alguna de parte de Natura y Cultura,  si bien se actuar\u00e1 con diligencia para suprimirlos en caso de que dichos contenidos lleguen a ser il\u00edcitos o lesionen bienes o derechos de terceros susceptibles de indemnizaci\u00f3n, entendi\u00e9ndose que el prestador de dichos servicios est\u00e1 sometido a la Ley 34\/2002, de 11 de julio, de servicios de la sociedad de la informaci\u00f3n y de comercio electr\u00f3nico.<\/p>\n<p>El usuario\/a cuando accede a la web lo hace por su propia cuenta y riesgo. Natura y Cultura no garantiza ni la rapidez, ni la ininterrupci\u00f3n, ni la ausencia de virus en la web. Por lo que, ni el titular de la web ni los colaboradores, podr\u00e1n ser considerados responsables de cualquier da\u00f1o derivado de la utilizaci\u00f3n de esta web, ni por cualquier actuaci\u00f3n realizada sobre la base de la informaci\u00f3n que en ella se facilita.<\/p>\n<h3>III. Propiedad intelectual e industrial<\/h3>\n<p>NATURA Y CULTURA TOURS Copyright \u00a9 2007. Todos los derechos reservados.<\/p>\n<p>Los textos (informaciones, conceptos, opiniones y otros an\u00e1logos) y elementos gr\u00e1ficos (dise\u00f1o, logos, c\u00f3digo fuente y otros an\u00e1logos) que constituyen la WEB as\u00ed como su presentaci\u00f3n y montaje, son titularidad exclusiva de Natura y Cultura u ostenta los derechos de explotaci\u00f3n de estos a trav\u00e9s de acuerdos con terceros.<\/p>\n<p>No se permite la reproducci\u00f3n y\/o publicaci\u00f3n, total o parcial, del sitio web, ni su tratamiento inform\u00e1tico, su distribuci\u00f3n, su difusi\u00f3n, ni su modificaci\u00f3n, transformaci\u00f3n o descompilaci\u00f3n, ni dem\u00e1s derechos reconocidos legalmente a su titular, sin el permiso previo y por escrito del mismo.<\/p>\n<p>Se autoriza el almacenamiento y reproducci\u00f3n temporal de alguno o algunos de los contenidos de la web con el prop\u00f3sito de  ser utilizados con un fin personal y no comercial. La reproducci\u00f3n, el almacenamiento permanente  y la difusi\u00f3n de los contenidos de la web o cualquier uso que tenga fines p\u00fablicos o comerciales queda terminantemente prohibido sin el previo consentimiento por escrito del titular de la web, y siempre que se haga referencia expl\u00edcita a NATURA Y CULTURA TOURS y a su titularidad.<\/p>\n<h3>IV. Utilizaci\u00f3n del Sitio Web por menores de edad<\/h3>\n<p>El servicio que el proveedor ofrece est\u00e1 dirigido a todos los p\u00fablicos. Pero, en base a la LOPD, NO pueden registrarse en la web las personas menores de 14 a\u00f1os, que deber\u00e1n hacer uso de la web con la vigilancia de sus progenitores o tutores legales, siendo estos \u00faltimos los que deber\u00e1n hacer el registro a su nombre.<\/p>\n<p>Los menores de edad de entre 14 y 18 a\u00f1os podr\u00e1n registrarse en el Sitio Web, como usuarios, siempre que garanticen la veracidad y exactitud de la informaci\u00f3n facilitada y act\u00faen con el consentimiento previo y expreso de sus padres o tutores de forma fehaciente, para el tratamiento de sus datos personales, y as\u00ed lo manifiesten al cumplimentar el formulario de suscripci\u00f3n.<\/p>\n<p>En ning\u00fan caso se recabar\u00e1n del menor de edad datos relativos a la situaci\u00f3n profesional, econ\u00f3mica o a la intimidad de los otros miembros de la familia, sin el consentimiento de \u00e9stos.<\/p>\n<p>Si eres menor de edad y est\u00e1s visitando este Sitio Web sin el conocimiento y aprobaci\u00f3n de tus padres NO debes registrarte como usuario.<\/p>\n<h3>V. Otros<\/h3>\n<p>El titular de NATURA Y CULTURA TOURS se compromete por este medio a no realizar publicidad enga\u00f1osa. A estos efectos, por lo tanto, no ser\u00e1n considerados como publicidad enga\u00f1osa los errores formales o num\u00e9ricos que puedan encontrarse a lo largo del contenido de las distintas secciones de la web producidos como consecuencia de un mantenimiento y\/o actualizaci\u00f3n incompleta o defectuosa de la informaci\u00f3n contenida en estas secciones. El responsable de NATURA Y CULTURA TOURS se compromete a corregirlo tan pronto como tenga conocimiento de dichos errores.<\/p>\n<p>No se remitir\u00e1 comunicaci\u00f3n comercial sin identificarla como tal, conforme a lo dispuesto en la Ley 34\/2002 de Servicios de la Sociedad de la Informaci\u00f3n y de comercio electr\u00f3nico. A estos efectos no ser\u00e1 considerado como comunicaci\u00f3n comercial toda la informaci\u00f3n que se env\u00ede a los clientes siempre que tenga por finalidad el mantenimiento de la relaci\u00f3n contractual existente entre cliente y NATURA Y CULTURA TOURS .<\/p>\n<p>Cualquier comunicaci\u00f3n publicitaria o promocional por correo electr\u00f3nico u otro medio de comunicaci\u00f3n electr\u00f3nica equivalente, habr\u00e1 sido solicitada previamente o autorizada de manera expresa por los destinatarios de las mismas, y estar\u00e1 de acuerdo al art\u00edculo 5 de la LOPD.<\/p>\n<p>Las fotograf\u00edas, grafismos y las descripciones de los productos expuestos a la venta solo son orientativos y no comprometen de ninguna manera al vendedor.<\/p>\n<p>Atendiendo a los derechos de los destinatarios, en cualquier caso siempre existe la posibilidad de oponerse al tratamiento de datos con fines promocionales en el momento en que el destinatario lo solicite mediante el env\u00edo de un correo electr\u00f3nico se\u00f1alando \u201cBaja en la lista de distribuci\u00f3n\u201d u otra frase que la pueda sustituir, a la siguiente direcci\u00f3n:<\/p>\n<p>NATURA Y CULTURA TOURS  no se hace responsable del uso ileg\u00edtimo que terceras personas puedan hacer de los nombres de marca, nombres de producto, marcas comerciales que, no siendo propiedad de dicha entidad, aparezcan en el presente sitio web. Tampoco se responsabiliza de la integridad, veracidad y licitud del contenido de los enlaces a las webs a las que pueda accederse desde el presente sitio web.<\/p>\n<h3>VIII. Ley aplicable y jurisdicci\u00f3n<\/h3>\n<p>Las presentes condiciones de uso se rigen por la legislaci\u00f3n espa\u00f1ola, siendo competentes los juzgados y tribunales correspondientes al domicilio del propietario de NATURA Y CULTURA TOURS . Los usuarios, por virtud de su aceptaci\u00f3n a las condiciones generales recogidas en  este aviso legal, renuncian expresamente a cualquier fuero que, por aplicaci\u00f3n de la Ley de Enjuiciamiento Civil vigente pudiera corresponder<\/p>\n\t\t\t\t\t\t\t\t<\/div>\n\t\t\t\t<\/div>\n\t\t\t\t\t<\/div>\n\t\t<\/div>\n\t\t\t\t\t<\/div>\n\t\t<\/section>\n\t\t\t\t<\/div>\n\t\t","protected":false},"excerpt":{"rendered":"<p>En cumplimiento del Art\u00edculo 10 de la Ley 34\/2002, de 11 de julio, de servicios de la sociedad de la [&hellip;]<\/p>\n","protected":false},"author":1,"featured_media":0,"parent":0,"menu_order":0,"comment_status":"closed","ping_status":"closed","template":"","meta":{"footnotes":""},"class_list":["post-2555","page","type-page","status-publish","hentry"],"yoast_head":"<!-- This site is optimized with the Yoast SEO plugin v25.8 - https:\/\/yoast.com\/wordpress\/plugins\/seo\/ -->\n<title>Aviso legal - Natura y Cultura Tours<\/title>\n<meta name=\"robots\" content=\"index, follow, max-snippet:-1, max-image-preview:large, max-video-preview:-1\" \/>\n<link rel=\"canonical\" href=\"https:\/\/naturayculturatours.com\/val\/aviso-legal\/\" \/>\n<meta property=\"og:locale\" content=\"en_US\" \/>\n<meta property=\"og:type\" content=\"article\" \/>\n<meta property=\"og:title\" content=\"Aviso legal - Natura y Cultura Tours\" \/>\n<meta property=\"og:description\" content=\"En cumplimiento del Art\u00edculo 10 de la Ley 34\/2002, de 11 de julio, de servicios de la sociedad de la [&hellip;]\" \/>\n<meta property=\"og:url\" content=\"https:\/\/naturayculturatours.com\/val\/aviso-legal\/\" \/>\n<meta property=\"og:site_name\" content=\"Natura y Cultura Tours\" \/>\n<meta property=\"article:modified_time\" content=\"2019-01-21T08:26:12+00:00\" \/>\n<meta name=\"twitter:card\" content=\"summary_large_image\" \/>\n<meta name=\"twitter:label1\" content=\"Est. reading time\" \/>\n\t<meta name=\"twitter:data1\" content=\"7 minutes\" \/>\n<script type=\"application\/ld+json\" class=\"yoast-schema-graph\">{\"@context\":\"https:\/\/schema.org\",\"@graph\":[{\"@type\":\"WebPage\",\"@id\":\"https:\/\/naturayculturatours.com\/val\/aviso-legal\/\",\"url\":\"https:\/\/naturayculturatours.com\/val\/aviso-legal\/\",\"name\":\"Aviso legal - Natura y Cultura Tours\",\"isPartOf\":{\"@id\":\"https:\/\/naturayculturatours.com\/#website\"},\"datePublished\":\"2019-01-21T08:26:11+00:00\",\"dateModified\":\"2019-01-21T08:26:12+00:00\",\"breadcrumb\":{\"@id\":\"https:\/\/naturayculturatours.com\/val\/aviso-legal\/#breadcrumb\"},\"inLanguage\":\"val\",\"potentialAction\":[{\"@type\":\"ReadAction\",\"target\":[\"https:\/\/naturayculturatours.com\/val\/aviso-legal\/\"]}]},{\"@type\":\"BreadcrumbList\",\"@id\":\"https:\/\/naturayculturatours.com\/val\/aviso-legal\/#breadcrumb\",\"itemListElement\":[{\"@type\":\"ListItem\",\"position\":1,\"name\":\"Portada\",\"item\":\"https:\/\/naturayculturatours.com\/val\/\"},{\"@type\":\"ListItem\",\"position\":2,\"name\":\"Aviso legal\"}]},{\"@type\":\"WebSite\",\"@id\":\"https:\/\/naturayculturatours.com\/#website\",\"url\":\"https:\/\/naturayculturatours.com\/\",\"name\":\"Natura y Cultura Tours\",\"description\":\"Turismo responsable\",\"publisher\":{\"@id\":\"https:\/\/naturayculturatours.com\/#organization\"},\"potentialAction\":[{\"@type\":\"SearchAction\",\"target\":{\"@type\":\"EntryPoint\",\"urlTemplate\":\"https:\/\/naturayculturatours.com\/?s={search_term_string}\"},\"query-input\":{\"@type\":\"PropertyValueSpecification\",\"valueRequired\":true,\"valueName\":\"search_term_string\"}}],\"inLanguage\":\"val\"},{\"@type\":\"Organization\",\"@id\":\"https:\/\/naturayculturatours.com\/#organization\",\"name\":\"Natura y Cultura Tours\",\"url\":\"https:\/\/naturayculturatours.com\/\",\"logo\":{\"@type\":\"ImageObject\",\"inLanguage\":\"val\",\"@id\":\"https:\/\/naturayculturatours.com\/#\/schema\/logo\/image\/\",\"url\":\"https:\/\/naturayculturatours.com\/wp-content\/uploads\/2025\/10\/cropped-Logo-nYc-pequeno.png\",\"contentUrl\":\"https:\/\/naturayculturatours.com\/wp-content\/uploads\/2025\/10\/cropped-Logo-nYc-pequeno.png\",\"width\":300,\"height\":115,\"caption\":\"Natura y Cultura Tours\"},\"image\":{\"@id\":\"https:\/\/naturayculturatours.com\/#\/schema\/logo\/image\/\"}}]}<\/script>\n<!-- \/ Yoast SEO plugin. -->","yoast_head_json":{"title":"Aviso legal - Natura y Cultura Tours","robots":{"index":"index","follow":"follow","max-snippet":"max-snippet:-1","max-image-preview":"max-image-preview:large","max-video-preview":"max-video-preview:-1"},"canonical":"https:\/\/naturayculturatours.com\/val\/aviso-legal\/","og_locale":"en_US","og_type":"article","og_title":"Aviso legal - Natura y Cultura Tours","og_description":"En cumplimiento del Art\u00edculo 10 de la Ley 34\/2002, de 11 de julio, de servicios de la sociedad de la [&hellip;]","og_url":"https:\/\/naturayculturatours.com\/val\/aviso-legal\/","og_site_name":"Natura y Cultura Tours","article_modified_time":"2019-01-21T08:26:12+00:00","twitter_card":"summary_large_image","twitter_misc":{"Est. reading time":"7 minutes"},"schema":{"@context":"https:\/\/schema.org","@graph":[{"@type":"WebPage","@id":"https:\/\/naturayculturatours.com\/val\/aviso-legal\/","url":"https:\/\/naturayculturatours.com\/val\/aviso-legal\/","name":"Aviso legal - Natura y Cultura Tours","isPartOf":{"@id":"https:\/\/naturayculturatours.com\/#website"},"datePublished":"2019-01-21T08:26:11+00:00","dateModified":"2019-01-21T08:26:12+00:00","breadcrumb":{"@id":"https:\/\/naturayculturatours.com\/val\/aviso-legal\/#breadcrumb"},"inLanguage":"val","potentialAction":[{"@type":"ReadAction","target":["https:\/\/naturayculturatours.com\/val\/aviso-legal\/"]}]},{"@type":"BreadcrumbList","@id":"https:\/\/naturayculturatours.com\/val\/aviso-legal\/#breadcrumb","itemListElement":[{"@type":"ListItem","position":1,"name":"Portada","item":"https:\/\/naturayculturatours.com\/val\/"},{"@type":"ListItem","position":2,"name":"Aviso legal"}]},{"@type":"WebSite","@id":"https:\/\/naturayculturatours.com\/#website","url":"https:\/\/naturayculturatours.com\/","name":"Natura y Cultura Tours","description":"Turismo responsable","publisher":{"@id":"https:\/\/naturayculturatours.com\/#organization"},"potentialAction":[{"@type":"SearchAction","target":{"@type":"EntryPoint","urlTemplate":"https:\/\/naturayculturatours.com\/?s={search_term_string}"},"query-input":{"@type":"PropertyValueSpecification","valueRequired":true,"valueName":"search_term_string"}}],"inLanguage":"val"},{"@type":"Organization","@id":"https:\/\/naturayculturatours.com\/#organization","name":"Natura y Cultura Tours","url":"https:\/\/naturayculturatours.com\/","logo":{"@type":"ImageObject","inLanguage":"val","@id":"https:\/\/naturayculturatours.com\/#\/schema\/logo\/image\/","url":"https:\/\/naturayculturatours.com\/wp-content\/uploads\/2025\/10\/cropped-Logo-nYc-pequeno.png","contentUrl":"https:\/\/naturayculturatours.com\/wp-content\/uploads\/2025\/10\/cropped-Logo-nYc-pequeno.png","width":300,"height":115,"caption":"Natura y Cultura Tours"},"image":{"@id":"https:\/\/naturayculturatours.com\/#\/schema\/logo\/image\/"}}]}},"_links":{"self":[{"href":"https:\/\/naturayculturatours.com\/val\/wp-json\/wp\/v2\/pages\/2555","targetHints":{"allow":["GET"]}}],"collection":[{"href":"https:\/\/naturayculturatours.com\/val\/wp-json\/wp\/v2\/pages"}],"about":[{"href":"https:\/\/naturayculturatours.com\/val\/wp-json\/wp\/v2\/types\/page"}],"author":[{"embeddable":true,"href":"https:\/\/naturayculturatours.com\/val\/wp-json\/wp\/v2\/users\/1"}],"replies":[{"embeddable":true,"href":"https:\/\/naturayculturatours.com\/val\/wp-json\/wp\/v2\/comments?post=2555"}],"version-history":[{"count":1,"href":"https:\/\/naturayculturatours.com\/val\/wp-json\/wp\/v2\/pages\/2555\/revisions"}],"predecessor-version":[{"id":2556,"href":"https:\/\/naturayculturatours.com\/val\/wp-json\/wp\/v2\/pages\/2555\/revisions\/2556"}],"wp:attachment":[{"href":"https:\/\/naturayculturatours.com\/val\/wp-json\/wp\/v2\/media?parent=2555"}],"curies":[{"name":"wp","href":"https:\/\/api.w.org\/{rel}","templated":true}]}}