{"id":1963,"date":"2018-10-19T10:29:47","date_gmt":"2018-10-19T10:29:47","guid":{"rendered":"https:\/\/naturayculturatours.com\/reservas\/parc-natural-de-lalbufera\/"},"modified":"2019-01-25T11:14:57","modified_gmt":"2019-01-25T11:14:57","slug":"parc-natural-de-lalbufera","status":"publish","type":"product","link":"https:\/\/naturayculturatours.com\/val\/reservas\/parc-natural-de-lalbufera\/","title":{"rendered":"Parc Natural de l&#8217;Albufera"},"content":{"rendered":"\t\t<div data-elementor-type=\"wp-post\" data-elementor-id=\"1963\" class=\"elementor elementor-1963 elementor-bc-flex-widget\" data-elementor-post-type=\"product\">\n\t\t\t\t\t\t<section class=\"elementor-section elementor-top-section elementor-element elementor-element-19cfea0 elementor-section-stretched pcont elementor-section-boxed elementor-section-height-default elementor-section-height-default\" data-id=\"19cfea0\" data-element_type=\"section\" id=\"pcont\" data-settings=\"{&quot;jet_parallax_layout_list&quot;:[{&quot;jet_parallax_layout_image&quot;:{&quot;url&quot;:&quot;&quot;,&quot;id&quot;:&quot;&quot;,&quot;size&quot;:&quot;&quot;},&quot;_id&quot;:&quot;7e8327b&quot;,&quot;jet_parallax_layout_speed&quot;:{&quot;unit&quot;:&quot;%&quot;,&quot;size&quot;:50,&quot;sizes&quot;:[]},&quot;jet_parallax_layout_type&quot;:&quot;scroll&quot;,&quot;jet_parallax_layout_z_index&quot;:&quot;&quot;,&quot;jet_parallax_layout_bg_x&quot;:50,&quot;jet_parallax_layout_bg_y&quot;:50,&quot;jet_parallax_layout_bg_size&quot;:&quot;auto&quot;,&quot;jet_parallax_layout_animation_prop&quot;:&quot;transform&quot;,&quot;jet_parallax_layout_on&quot;:[&quot;desktop&quot;,&quot;tablet&quot;],&quot;jet_parallax_layout_image_tablet&quot;:{&quot;url&quot;:&quot;&quot;,&quot;id&quot;:&quot;&quot;,&quot;size&quot;:&quot;&quot;},&quot;jet_parallax_layout_image_mobile&quot;:{&quot;url&quot;:&quot;&quot;,&quot;id&quot;:&quot;&quot;,&quot;size&quot;:&quot;&quot;},&quot;jet_parallax_layout_direction&quot;:&quot;1&quot;,&quot;jet_parallax_layout_fx_direction&quot;:null,&quot;jet_parallax_layout_bg_x_tablet&quot;:&quot;&quot;,&quot;jet_parallax_layout_bg_x_mobile&quot;:&quot;&quot;,&quot;jet_parallax_layout_bg_y_tablet&quot;:&quot;&quot;,&quot;jet_parallax_layout_bg_y_mobile&quot;:&quot;&quot;,&quot;jet_parallax_layout_bg_size_tablet&quot;:&quot;&quot;,&quot;jet_parallax_layout_bg_size_mobile&quot;:&quot;&quot;}],&quot;stretch_section&quot;:&quot;section-stretched&quot;}\">\n\t\t\t\t\t\t<div class=\"elementor-container elementor-column-gap-default\">\n\t\t\t\t\t<div class=\"elementor-column elementor-col-100 elementor-top-column elementor-element elementor-element-0e972a9\" data-id=\"0e972a9\" data-element_type=\"column\">\n\t\t\t<div class=\"elementor-widget-wrap elementor-element-populated\">\n\t\t\t\t\t\t<section class=\"elementor-section elementor-inner-section elementor-element elementor-element-3583651 elementor-section-full_width pcontcol elementor-section-height-default elementor-section-height-default\" data-id=\"3583651\" data-element_type=\"section\" data-settings=\"{&quot;jet_parallax_layout_list&quot;:[{&quot;jet_parallax_layout_image&quot;:{&quot;url&quot;:&quot;&quot;,&quot;id&quot;:&quot;&quot;,&quot;size&quot;:&quot;&quot;},&quot;_id&quot;:&quot;edc8c20&quot;,&quot;jet_parallax_layout_speed&quot;:{&quot;unit&quot;:&quot;%&quot;,&quot;size&quot;:50,&quot;sizes&quot;:[]},&quot;jet_parallax_layout_type&quot;:&quot;scroll&quot;,&quot;jet_parallax_layout_z_index&quot;:&quot;&quot;,&quot;jet_parallax_layout_bg_x&quot;:50,&quot;jet_parallax_layout_bg_y&quot;:50,&quot;jet_parallax_layout_bg_size&quot;:&quot;auto&quot;,&quot;jet_parallax_layout_animation_prop&quot;:&quot;transform&quot;,&quot;jet_parallax_layout_on&quot;:[&quot;desktop&quot;,&quot;tablet&quot;],&quot;jet_parallax_layout_image_tablet&quot;:{&quot;url&quot;:&quot;&quot;,&quot;id&quot;:&quot;&quot;,&quot;size&quot;:&quot;&quot;},&quot;jet_parallax_layout_image_mobile&quot;:{&quot;url&quot;:&quot;&quot;,&quot;id&quot;:&quot;&quot;,&quot;size&quot;:&quot;&quot;},&quot;jet_parallax_layout_direction&quot;:&quot;1&quot;,&quot;jet_parallax_layout_fx_direction&quot;:null,&quot;jet_parallax_layout_bg_x_tablet&quot;:&quot;&quot;,&quot;jet_parallax_layout_bg_x_mobile&quot;:&quot;&quot;,&quot;jet_parallax_layout_bg_y_tablet&quot;:&quot;&quot;,&quot;jet_parallax_layout_bg_y_mobile&quot;:&quot;&quot;,&quot;jet_parallax_layout_bg_size_tablet&quot;:&quot;&quot;,&quot;jet_parallax_layout_bg_size_mobile&quot;:&quot;&quot;}]}\">\n\t\t\t\t\t\t<div class=\"elementor-container elementor-column-gap-default\">\n\t\t\t\t\t<div class=\"elementor-column elementor-col-50 elementor-inner-column elementor-element elementor-element-e695d60\" data-id=\"e695d60\" data-element_type=\"column\">\n\t\t\t<div class=\"elementor-widget-wrap elementor-element-populated\">\n\t\t\t\t\t\t<div class=\"elementor-element elementor-element-9646f5c elementor-widget elementor-widget-heading\" data-id=\"9646f5c\" data-element_type=\"widget\" data-widget_type=\"heading.default\">\n\t\t\t\t<div class=\"elementor-widget-container\">\n\t\t\t\t\t<h2 class=\"elementor-heading-title elementor-size-default\">PROGRAMA<\/h2>\t\t\t\t<\/div>\n\t\t\t\t<\/div>\n\t\t\t\t<div class=\"elementor-element elementor-element-76e3508 pcol1 elementor-widget elementor-widget-text-editor\" data-id=\"76e3508\" data-element_type=\"widget\" data-widget_type=\"text-editor.default\">\n\t\t\t\t<div class=\"elementor-widget-container\">\n\t\t\t\t\t\t\t\t\t<p>9:00 Eixida des del punt d&#8217;orige<\/p><p>9:30 Arribada al Centre d&#8217;Interpretaci\u00f3 Rac\u00f3 de l&#8217;Olla. All\u00ed farem una \u00a0introducci\u00f3 sobre l&#8217;evoluci\u00f3 del Parc i un xicotet passeig per a con\u00e8ixer el Parc Natural de l&#8217;Albufera i poder entendre millor tot el que vorem despr\u00e9s.<\/p><p>10:15 Esmorzar<\/p><p>11:00 Passeig en barca des del Mirador de Pujol. Con\u00e8ixerem el cor del Parc, l&#8217;Albufera, el llac m\u00e9s gran de l&#8217;estat espanyol. Formaci\u00f3, evoluci\u00f3, conseq\u00fc\u00e8ncies de la contaminaci\u00f3 i la urbanitzaci\u00f3, els camps d&#8217;arr\u00f2s, la ca\u00e7a i la pesca&#8230;\u00a0<\/p><p>12:00 Itinerari interpretatiu per la Devesa del Saler, altre dels ecosistemas que forma part del Parc Natural. Una pinada sobre la restinga, caracteritzada pels pins doblegats pel vent i la vegetaci\u00f3 exhuberant sobre la sorra de les dunes.<\/p><p>13:30 Dinar de pic-nic al llac artificial. Aprofitarem la parada per a parlar del canvi del paisatge per la urbanitzaci\u00f3 del territori.<\/p><p>15:00 Acabarem la nostra jornada caminant fins a la vora de la mar, reconeguent el pas a les dunes fixes i aprenent sobre la funci\u00f3 d&#8217;aquest cord\u00f3 dunar i la import\u00e0ncia de la seua conservaci\u00f3.<\/p><p>16:30 Fi de l&#8217;activitat.\u00a0<\/p><p>17:00 Arribada al punt d&#8217;orige.<\/p>\t\t\t\t\t\t\t\t<\/div>\n\t\t\t\t<\/div>\n\t\t\t\t\t<\/div>\n\t\t<\/div>\n\t\t\t\t<div class=\"elementor-column elementor-col-50 elementor-inner-column elementor-element elementor-element-64d8490\" data-id=\"64d8490\" data-element_type=\"column\">\n\t\t\t<div class=\"elementor-widget-wrap elementor-element-populated\">\n\t\t\t\t\t\t<div class=\"elementor-element elementor-element-6b77350 elementor-widget elementor-widget-heading\" data-id=\"6b77350\" data-element_type=\"widget\" data-widget_type=\"heading.default\">\n\t\t\t\t<div class=\"elementor-widget-container\">\n\t\t\t\t\t<h2 class=\"elementor-heading-title elementor-size-default\">QU\u00c8 INCLOU?<\/h2>\t\t\t\t<\/div>\n\t\t\t\t<\/div>\n\t\t\t\t<div class=\"elementor-element elementor-element-2692efc pcol2 elementor-widget elementor-widget-text-editor\" data-id=\"2692efc\" data-element_type=\"widget\" data-widget_type=\"text-editor.default\">\n\t\t\t\t<div class=\"elementor-widget-container\">\n\t\t\t\t\t\t\t\t\t<p>Despla\u00e7ament amb autob\u00fas i la ruta interpretativa de la m\u00e0 d\u2019un guia especialitzat i coneixedor de la zona.<\/p><p>Segur de RC i d\u2019accidents.<\/p><p>No inclou ni menjars ni begudes.<\/p><p>\u00a0<\/p>\t\t\t\t\t\t\t\t<\/div>\n\t\t\t\t<\/div>\n\t\t\t\t<div class=\"elementor-element elementor-element-6f20bd6 elementor-widget elementor-widget-heading\" data-id=\"6f20bd6\" data-element_type=\"widget\" data-widget_type=\"heading.default\">\n\t\t\t\t<div class=\"elementor-widget-container\">\n\t\t\t\t\t<h2 class=\"elementor-heading-title elementor-size-default\">RECOMANACIONS<\/h2>\t\t\t\t<\/div>\n\t\t\t\t<\/div>\n\t\t\t\t<div class=\"elementor-element elementor-element-dbbdf6a pcol2 elementor-widget elementor-widget-text-editor\" data-id=\"dbbdf6a\" data-element_type=\"widget\" data-widget_type=\"text-editor.default\">\n\t\t\t\t<div class=\"elementor-widget-container\">\n\t\t\t\t\t\t\t\t\t<p><span style=\"letter-spacing: 0px;\">Calcer adequat per a caminar per pistes<\/span><\/p><p>Roba adequada per a fer senderisme i per a l\u2019\u00e9poca de l\u2019any.<\/p><p>Esmorzar i dinar de pic-nic i aigua per a tota la jornada. Al llarg de la ruta anirem fent les parades necess\u00e0ries per a recuperar forces.<\/p><p>Visita recomanada d&#8217;octubre a abril.<\/p><p><strong>CAL RECORDAR QUE VISITEM UN ESPAI NATURAL, AIX\u00cd HAUREM D\u2019ANAR AMB TOT EL COMPTE I RESPECTE POSSIBLE A L\u2019ENTORN QUE ENS ENVOLTA.<\/strong><\/p>\t\t\t\t\t\t\t\t<\/div>\n\t\t\t\t<\/div>\n\t\t\t\t\t<\/div>\n\t\t<\/div>\n\t\t\t\t\t<\/div>\n\t\t<\/section>\n\t\t\t\t\t<\/div>\n\t\t<\/div>\n\t\t\t\t\t<\/div>\n\t\t<\/section>\n\t\t\t\t<\/div>\n\t\t","protected":false},"excerpt":{"rendered":"<p><span style=\"color: #49ccd4;\">Min:<\/span>\u00a035 personas\u00a0 \/<span style=\"color: #49ccd4;\"> M\u00e1x:<\/span> 50 personas<\/p>\n<p>El Parc Natural de l&#8217;Albufera \u00e9s l&#8217;espai natural m\u00e9s emblem\u00e0tic de la prov\u00edncia de Val\u00e8ncia. \u00c9s un clar exemple de com la m\u00e0 de l&#8217;home i l&#8217;\u00fas que fem dels recursos naturals poden influir en l&#8217;evoluci\u00f3 i riquesa del territori.<\/p>\n<p>En aquesta visita descobrirem com es va formar l\u2019Albufera, la seua flora i fauna, farem un passeig pel llac en barca tradicional i observarem com els usos que ha donat l\u2019home als recursos naturals han anat modificat l\u2019espai.<\/p>\n<h4 class=\"customPriceStyle\"><span style=\"color: #49ccd4; font-size: 25px;\">15\u20ac\/persona<\/span><\/h4>\n","protected":false},"featured_media":1964,"template":"","meta":[],"product_brand":[],"product_cat":[79],"product_tag":[81,82,83,84],"class_list":{"0":"post-1963","1":"product","2":"type-product","3":"status-publish","4":"has-post-thumbnail","6":"product_cat-rutes","7":"product_tag-aiguamolls-val","8":"product_tag-albufera-val","9":"product_tag-excursion-val","10":"product_tag-parcs-naturals-val","12":"first","13":"instock","14":"virtual","15":"sold-individually","16":"taxable","17":"purchasable","18":"product-type-booking"},"yoast_head":"<!-- This site is optimized with the Yoast SEO plugin v25.8 - https:\/\/yoast.com\/wordpress\/plugins\/seo\/ -->\n<title>Parc Natural de l&#039;Albufera - Natura y Cultura Tours<\/title>\n<meta name=\"robots\" content=\"index, follow, max-snippet:-1, max-image-preview:large, max-video-preview:-1\" \/>\n<link rel=\"canonical\" href=\"https:\/\/naturayculturatours.com\/val\/reservas\/parc-natural-de-lalbufera\/\" \/>\n<meta property=\"og:locale\" content=\"en_US\" \/>\n<meta property=\"og:type\" content=\"article\" \/>\n<meta property=\"og:title\" content=\"Parc Natural de l&#039;Albufera - Natura y Cultura Tours\" \/>\n<meta property=\"og:description\" content=\"Min:\u00a035 personas\u00a0 \/ M\u00e1x: 50 personas  El Parc Natural de l&#039;Albufera \u00e9s l&#039;espai natural m\u00e9s emblem\u00e0tic de la prov\u00edncia de Val\u00e8ncia. \u00c9s un clar exemple de com la m\u00e0 de l&#039;home i l&#039;\u00fas que fem dels recursos naturals poden influir en l&#039;evoluci\u00f3 i riquesa del territori.  En aquesta visita descobrirem com es va formar l\u2019Albufera, la seua flora i fauna, farem un passeig pel llac en barca tradicional i observarem com els usos que ha donat l\u2019home als recursos naturals han anat modificat l\u2019espai. 15\u20ac\/persona\" \/>\n<meta property=\"og:url\" content=\"https:\/\/naturayculturatours.com\/val\/reservas\/parc-natural-de-lalbufera\/\" \/>\n<meta property=\"og:site_name\" content=\"Natura y Cultura Tours\" \/>\n<meta property=\"article:modified_time\" content=\"2019-01-25T11:14:57+00:00\" \/>\n<meta property=\"og:image\" content=\"https:\/\/naturayculturatours.com\/wp-content\/uploads\/2018\/10\/Albufera-lago.jpg\" \/>\n\t<meta property=\"og:image:width\" content=\"1339\" \/>\n\t<meta property=\"og:image:height\" content=\"989\" \/>\n\t<meta property=\"og:image:type\" content=\"image\/jpeg\" \/>\n<meta name=\"twitter:card\" content=\"summary_large_image\" \/>\n<meta name=\"twitter:label1\" content=\"Est. reading time\" \/>\n\t<meta name=\"twitter:data1\" content=\"2 minutes\" \/>\n<script type=\"application\/ld+json\" class=\"yoast-schema-graph\">{\"@context\":\"https:\/\/schema.org\",\"@graph\":[{\"@type\":\"WebPage\",\"@id\":\"https:\/\/naturayculturatours.com\/val\/reservas\/parc-natural-de-lalbufera\/\",\"url\":\"https:\/\/naturayculturatours.com\/val\/reservas\/parc-natural-de-lalbufera\/\",\"name\":\"Parc Natural de l'Albufera - Natura y Cultura Tours\",\"isPartOf\":{\"@id\":\"https:\/\/naturayculturatours.com\/#website\"},\"primaryImageOfPage\":{\"@id\":\"https:\/\/naturayculturatours.com\/val\/reservas\/parc-natural-de-lalbufera\/#primaryimage\"},\"image\":{\"@id\":\"https:\/\/naturayculturatours.com\/val\/reservas\/parc-natural-de-lalbufera\/#primaryimage\"},\"thumbnailUrl\":\"https:\/\/naturayculturatours.com\/wp-content\/uploads\/2018\/10\/Albufera-lago.jpg\",\"datePublished\":\"2018-10-19T10:29:47+00:00\",\"dateModified\":\"2019-01-25T11:14:57+00:00\",\"breadcrumb\":{\"@id\":\"https:\/\/naturayculturatours.com\/val\/reservas\/parc-natural-de-lalbufera\/#breadcrumb\"},\"inLanguage\":\"val\",\"potentialAction\":[{\"@type\":\"ReadAction\",\"target\":[\"https:\/\/naturayculturatours.com\/val\/reservas\/parc-natural-de-lalbufera\/\"]}]},{\"@type\":\"ImageObject\",\"inLanguage\":\"val\",\"@id\":\"https:\/\/naturayculturatours.com\/val\/reservas\/parc-natural-de-lalbufera\/#primaryimage\",\"url\":\"https:\/\/naturayculturatours.com\/wp-content\/uploads\/2018\/10\/Albufera-lago.jpg\",\"contentUrl\":\"https:\/\/naturayculturatours.com\/wp-content\/uploads\/2018\/10\/Albufera-lago.jpg\",\"width\":1339,\"height\":989,\"caption\":\"OLYMPUS DIGITAL CAMERA\"},{\"@type\":\"BreadcrumbList\",\"@id\":\"https:\/\/naturayculturatours.com\/val\/reservas\/parc-natural-de-lalbufera\/#breadcrumb\",\"itemListElement\":[{\"@type\":\"ListItem\",\"position\":1,\"name\":\"Portada\",\"item\":\"https:\/\/naturayculturatours.com\/val\/\"},{\"@type\":\"ListItem\",\"position\":2,\"name\":\"Shop\",\"item\":\"https:\/\/naturayculturatours.com\/val\/tenda\/\"},{\"@type\":\"ListItem\",\"position\":3,\"name\":\"Parc Natural de l&#8217;Albufera\"}]},{\"@type\":\"WebSite\",\"@id\":\"https:\/\/naturayculturatours.com\/#website\",\"url\":\"https:\/\/naturayculturatours.com\/\",\"name\":\"Natura y Cultura Tours\",\"description\":\"Turismo responsable\",\"publisher\":{\"@id\":\"https:\/\/naturayculturatours.com\/#organization\"},\"potentialAction\":[{\"@type\":\"SearchAction\",\"target\":{\"@type\":\"EntryPoint\",\"urlTemplate\":\"https:\/\/naturayculturatours.com\/?s={search_term_string}\"},\"query-input\":{\"@type\":\"PropertyValueSpecification\",\"valueRequired\":true,\"valueName\":\"search_term_string\"}}],\"inLanguage\":\"val\"},{\"@type\":\"Organization\",\"@id\":\"https:\/\/naturayculturatours.com\/#organization\",\"name\":\"Natura y Cultura Tours\",\"url\":\"https:\/\/naturayculturatours.com\/\",\"logo\":{\"@type\":\"ImageObject\",\"inLanguage\":\"val\",\"@id\":\"https:\/\/naturayculturatours.com\/#\/schema\/logo\/image\/\",\"url\":\"https:\/\/naturayculturatours.com\/wp-content\/uploads\/2025\/10\/cropped-Logo-nYc-pequeno.png\",\"contentUrl\":\"https:\/\/naturayculturatours.com\/wp-content\/uploads\/2025\/10\/cropped-Logo-nYc-pequeno.png\",\"width\":300,\"height\":115,\"caption\":\"Natura y Cultura Tours\"},\"image\":{\"@id\":\"https:\/\/naturayculturatours.com\/#\/schema\/logo\/image\/\"}}]}<\/script>\n<!-- \/ Yoast SEO plugin. -->","yoast_head_json":{"title":"Parc Natural de l'Albufera - Natura y Cultura Tours","robots":{"index":"index","follow":"follow","max-snippet":"max-snippet:-1","max-image-preview":"max-image-preview:large","max-video-preview":"max-video-preview:-1"},"canonical":"https:\/\/naturayculturatours.com\/val\/reservas\/parc-natural-de-lalbufera\/","og_locale":"en_US","og_type":"article","og_title":"Parc Natural de l'Albufera - Natura y Cultura Tours","og_description":"Min:\u00a035 personas\u00a0 \/ M\u00e1x: 50 personas  El Parc Natural de l'Albufera \u00e9s l'espai natural m\u00e9s emblem\u00e0tic de la prov\u00edncia de Val\u00e8ncia. \u00c9s un clar exemple de com la m\u00e0 de l'home i l'\u00fas que fem dels recursos naturals poden influir en l'evoluci\u00f3 i riquesa del territori.  En aquesta visita descobrirem com es va formar l\u2019Albufera, la seua flora i fauna, farem un passeig pel llac en barca tradicional i observarem com els usos que ha donat l\u2019home als recursos naturals han anat modificat l\u2019espai. 15\u20ac\/persona","og_url":"https:\/\/naturayculturatours.com\/val\/reservas\/parc-natural-de-lalbufera\/","og_site_name":"Natura y Cultura Tours","article_modified_time":"2019-01-25T11:14:57+00:00","og_image":[{"width":1339,"height":989,"url":"https:\/\/naturayculturatours.com\/wp-content\/uploads\/2018\/10\/Albufera-lago.jpg","type":"image\/jpeg"}],"twitter_card":"summary_large_image","twitter_misc":{"Est. reading time":"2 minutes"},"schema":{"@context":"https:\/\/schema.org","@graph":[{"@type":"WebPage","@id":"https:\/\/naturayculturatours.com\/val\/reservas\/parc-natural-de-lalbufera\/","url":"https:\/\/naturayculturatours.com\/val\/reservas\/parc-natural-de-lalbufera\/","name":"Parc Natural de l'Albufera - Natura y Cultura Tours","isPartOf":{"@id":"https:\/\/naturayculturatours.com\/#website"},"primaryImageOfPage":{"@id":"https:\/\/naturayculturatours.com\/val\/reservas\/parc-natural-de-lalbufera\/#primaryimage"},"image":{"@id":"https:\/\/naturayculturatours.com\/val\/reservas\/parc-natural-de-lalbufera\/#primaryimage"},"thumbnailUrl":"https:\/\/naturayculturatours.com\/wp-content\/uploads\/2018\/10\/Albufera-lago.jpg","datePublished":"2018-10-19T10:29:47+00:00","dateModified":"2019-01-25T11:14:57+00:00","breadcrumb":{"@id":"https:\/\/naturayculturatours.com\/val\/reservas\/parc-natural-de-lalbufera\/#breadcrumb"},"inLanguage":"val","potentialAction":[{"@type":"ReadAction","target":["https:\/\/naturayculturatours.com\/val\/reservas\/parc-natural-de-lalbufera\/"]}]},{"@type":"ImageObject","inLanguage":"val","@id":"https:\/\/naturayculturatours.com\/val\/reservas\/parc-natural-de-lalbufera\/#primaryimage","url":"https:\/\/naturayculturatours.com\/wp-content\/uploads\/2018\/10\/Albufera-lago.jpg","contentUrl":"https:\/\/naturayculturatours.com\/wp-content\/uploads\/2018\/10\/Albufera-lago.jpg","width":1339,"height":989,"caption":"OLYMPUS DIGITAL CAMERA"},{"@type":"BreadcrumbList","@id":"https:\/\/naturayculturatours.com\/val\/reservas\/parc-natural-de-lalbufera\/#breadcrumb","itemListElement":[{"@type":"ListItem","position":1,"name":"Portada","item":"https:\/\/naturayculturatours.com\/val\/"},{"@type":"ListItem","position":2,"name":"Shop","item":"https:\/\/naturayculturatours.com\/val\/tenda\/"},{"@type":"ListItem","position":3,"name":"Parc Natural de l&#8217;Albufera"}]},{"@type":"WebSite","@id":"https:\/\/naturayculturatours.com\/#website","url":"https:\/\/naturayculturatours.com\/","name":"Natura y Cultura Tours","description":"Turismo responsable","publisher":{"@id":"https:\/\/naturayculturatours.com\/#organization"},"potentialAction":[{"@type":"SearchAction","target":{"@type":"EntryPoint","urlTemplate":"https:\/\/naturayculturatours.com\/?s={search_term_string}"},"query-input":{"@type":"PropertyValueSpecification","valueRequired":true,"valueName":"search_term_string"}}],"inLanguage":"val"},{"@type":"Organization","@id":"https:\/\/naturayculturatours.com\/#organization","name":"Natura y Cultura Tours","url":"https:\/\/naturayculturatours.com\/","logo":{"@type":"ImageObject","inLanguage":"val","@id":"https:\/\/naturayculturatours.com\/#\/schema\/logo\/image\/","url":"https:\/\/naturayculturatours.com\/wp-content\/uploads\/2025\/10\/cropped-Logo-nYc-pequeno.png","contentUrl":"https:\/\/naturayculturatours.com\/wp-content\/uploads\/2025\/10\/cropped-Logo-nYc-pequeno.png","width":300,"height":115,"caption":"Natura y Cultura Tours"},"image":{"@id":"https:\/\/naturayculturatours.com\/#\/schema\/logo\/image\/"}}]}},"_links":{"self":[{"href":"https:\/\/naturayculturatours.com\/val\/wp-json\/wp\/v2\/product\/1963","targetHints":{"allow":["GET"]}}],"collection":[{"href":"https:\/\/naturayculturatours.com\/val\/wp-json\/wp\/v2\/product"}],"about":[{"href":"https:\/\/naturayculturatours.com\/val\/wp-json\/wp\/v2\/types\/product"}],"version-history":[{"count":15,"href":"https:\/\/naturayculturatours.com\/val\/wp-json\/wp\/v2\/product\/1963\/revisions"}],"predecessor-version":[{"id":2934,"href":"https:\/\/naturayculturatours.com\/val\/wp-json\/wp\/v2\/product\/1963\/revisions\/2934"}],"wp:featuredmedia":[{"embeddable":true,"href":"https:\/\/naturayculturatours.com\/val\/wp-json\/wp\/v2\/media\/1964"}],"wp:attachment":[{"href":"https:\/\/naturayculturatours.com\/val\/wp-json\/wp\/v2\/media?parent=1963"}],"wp:term":[{"taxonomy":"product_brand","embeddable":true,"href":"https:\/\/naturayculturatours.com\/val\/wp-json\/wp\/v2\/product_brand?post=1963"},{"taxonomy":"product_cat","embeddable":true,"href":"https:\/\/naturayculturatours.com\/val\/wp-json\/wp\/v2\/product_cat?post=1963"},{"taxonomy":"product_tag","embeddable":true,"href":"https:\/\/naturayculturatours.com\/val\/wp-json\/wp\/v2\/product_tag?post=1963"}],"curies":[{"name":"wp","href":"https:\/\/api.w.org\/{rel}","templated":true}]}}