{"id":2436,"date":"2019-01-18T16:40:49","date_gmt":"2019-01-18T16:40:49","guid":{"rendered":"https:\/\/naturayculturatours.com\/?post_type=product&#038;p=2436"},"modified":"2019-01-25T12:07:20","modified_gmt":"2019-01-25T12:07:20","slug":"ruta-historica-per-torrent-darabs-i-marquesos","status":"publish","type":"product","link":"https:\/\/naturayculturatours.com\/val\/reservas\/ruta-historica-per-torrent-darabs-i-marquesos\/","title":{"rendered":"Ruta hist\u00f2rica per Torrent: d&#8217;\u00e0rabs i marquesos"},"content":{"rendered":"\t\t<div data-elementor-type=\"wp-post\" data-elementor-id=\"2436\" class=\"elementor elementor-2436 elementor-2434 elementor-bc-flex-widget\" data-elementor-post-type=\"product\">\n\t\t\t\t\t\t<section class=\"elementor-section elementor-top-section elementor-element elementor-element-19cfea0 elementor-section-stretched pcont elementor-section-boxed elementor-section-height-default elementor-section-height-default\" data-id=\"19cfea0\" data-element_type=\"section\" data-e-type=\"section\" id=\"pcont\" data-settings=\"{&quot;jet_parallax_layout_list&quot;:[{&quot;jet_parallax_layout_image&quot;:{&quot;url&quot;:&quot;&quot;,&quot;id&quot;:&quot;&quot;,&quot;size&quot;:&quot;&quot;},&quot;_id&quot;:&quot;7e8327b&quot;,&quot;jet_parallax_layout_speed&quot;:{&quot;unit&quot;:&quot;%&quot;,&quot;size&quot;:50,&quot;sizes&quot;:[]},&quot;jet_parallax_layout_type&quot;:&quot;scroll&quot;,&quot;jet_parallax_layout_z_index&quot;:&quot;&quot;,&quot;jet_parallax_layout_bg_x&quot;:50,&quot;jet_parallax_layout_bg_y&quot;:50,&quot;jet_parallax_layout_bg_size&quot;:&quot;auto&quot;,&quot;jet_parallax_layout_animation_prop&quot;:&quot;transform&quot;,&quot;jet_parallax_layout_on&quot;:[&quot;desktop&quot;,&quot;tablet&quot;],&quot;jet_parallax_layout_image_tablet&quot;:{&quot;url&quot;:&quot;&quot;,&quot;id&quot;:&quot;&quot;,&quot;size&quot;:&quot;&quot;},&quot;jet_parallax_layout_image_mobile&quot;:{&quot;url&quot;:&quot;&quot;,&quot;id&quot;:&quot;&quot;,&quot;size&quot;:&quot;&quot;},&quot;jet_parallax_layout_direction&quot;:&quot;1&quot;,&quot;jet_parallax_layout_fx_direction&quot;:null,&quot;jet_parallax_layout_bg_x_tablet&quot;:&quot;&quot;,&quot;jet_parallax_layout_bg_x_mobile&quot;:&quot;&quot;,&quot;jet_parallax_layout_bg_y_tablet&quot;:&quot;&quot;,&quot;jet_parallax_layout_bg_y_mobile&quot;:&quot;&quot;,&quot;jet_parallax_layout_bg_size_tablet&quot;:&quot;&quot;,&quot;jet_parallax_layout_bg_size_mobile&quot;:&quot;&quot;}],&quot;stretch_section&quot;:&quot;section-stretched&quot;}\">\n\t\t\t\t\t\t<div class=\"elementor-container elementor-column-gap-default\">\n\t\t\t\t\t<div class=\"elementor-column elementor-col-100 elementor-top-column elementor-element elementor-element-0e972a9\" data-id=\"0e972a9\" data-element_type=\"column\" data-e-type=\"column\">\n\t\t\t<div class=\"elementor-widget-wrap elementor-element-populated\">\n\t\t\t\t\t\t<section class=\"elementor-section elementor-inner-section elementor-element elementor-element-3583651 elementor-section-full_width pcontcol elementor-section-height-default elementor-section-height-default\" data-id=\"3583651\" data-element_type=\"section\" data-e-type=\"section\" data-settings=\"{&quot;jet_parallax_layout_list&quot;:[{&quot;jet_parallax_layout_image&quot;:{&quot;url&quot;:&quot;&quot;,&quot;id&quot;:&quot;&quot;,&quot;size&quot;:&quot;&quot;},&quot;_id&quot;:&quot;edc8c20&quot;,&quot;jet_parallax_layout_speed&quot;:{&quot;unit&quot;:&quot;%&quot;,&quot;size&quot;:50,&quot;sizes&quot;:[]},&quot;jet_parallax_layout_type&quot;:&quot;scroll&quot;,&quot;jet_parallax_layout_z_index&quot;:&quot;&quot;,&quot;jet_parallax_layout_bg_x&quot;:50,&quot;jet_parallax_layout_bg_y&quot;:50,&quot;jet_parallax_layout_bg_size&quot;:&quot;auto&quot;,&quot;jet_parallax_layout_animation_prop&quot;:&quot;transform&quot;,&quot;jet_parallax_layout_on&quot;:[&quot;desktop&quot;,&quot;tablet&quot;],&quot;jet_parallax_layout_image_tablet&quot;:{&quot;url&quot;:&quot;&quot;,&quot;id&quot;:&quot;&quot;,&quot;size&quot;:&quot;&quot;},&quot;jet_parallax_layout_image_mobile&quot;:{&quot;url&quot;:&quot;&quot;,&quot;id&quot;:&quot;&quot;,&quot;size&quot;:&quot;&quot;},&quot;jet_parallax_layout_direction&quot;:&quot;1&quot;,&quot;jet_parallax_layout_fx_direction&quot;:null,&quot;jet_parallax_layout_bg_x_tablet&quot;:&quot;&quot;,&quot;jet_parallax_layout_bg_x_mobile&quot;:&quot;&quot;,&quot;jet_parallax_layout_bg_y_tablet&quot;:&quot;&quot;,&quot;jet_parallax_layout_bg_y_mobile&quot;:&quot;&quot;,&quot;jet_parallax_layout_bg_size_tablet&quot;:&quot;&quot;,&quot;jet_parallax_layout_bg_size_mobile&quot;:&quot;&quot;}]}\">\n\t\t\t\t\t\t<div class=\"elementor-container elementor-column-gap-default\">\n\t\t\t\t\t<div class=\"elementor-column elementor-col-50 elementor-inner-column elementor-element elementor-element-e695d60\" data-id=\"e695d60\" data-element_type=\"column\" data-e-type=\"column\">\n\t\t\t<div class=\"elementor-widget-wrap elementor-element-populated\">\n\t\t\t\t\t\t<div class=\"elementor-element elementor-element-9646f5c elementor-widget elementor-widget-heading\" data-id=\"9646f5c\" data-element_type=\"widget\" data-e-type=\"widget\" data-widget_type=\"heading.default\">\n\t\t\t\t<div class=\"elementor-widget-container\">\n\t\t\t\t\t<h2 class=\"elementor-heading-title elementor-size-default\">PROGRAMA<\/h2>\t\t\t\t<\/div>\n\t\t\t\t<\/div>\n\t\t\t\t<div class=\"elementor-element elementor-element-76e3508 pcol1 elementor-widget elementor-widget-text-editor\" data-id=\"76e3508\" data-element_type=\"widget\" data-e-type=\"widget\" data-widget_type=\"text-editor.default\">\n\t\t\t\t<div class=\"elementor-widget-container\">\n\t\t\t\t\t\t\t\t\t<p>09.30 Recepci\u00f3 del grup. Recorregut seguint l&#8217;antic tra\u00e7at de les muralles medievals, per a contemplar els magn\u00edfics edificis del XIX, la creu de Pere Mora i visitar l&#8217;esgl\u00e9sia de l&#8217;Assumpci\u00f3, ja existent en 1243 i l&#8217;actual obra, la qual data de finals del XVI i va ser conclosa en el XVIII amb magn\u00edfiques aportacions barroques.<\/p>\n<p>11.00 Breu pausa per a caf\u00e9 (opcional).<\/p>\n<p>11.30 Visita a l&#8217;emblem\u00e0tica torre \u00e0rab de Torrent, d&#8217;origen medieval, un edifici defensiu del segle X.<\/p>\n<p>12.30 Visita a l&#8217;interessant\u00edssim Museu Comarcal de l&#8217;Horta Sud, per a con\u00e9ixer la forma de vida a la comarca i els elements t\u00edpics de les cases valencianes.<\/p>\n<p>14.00 Gaudirem dels plats tradicionals en un restaurant local.<\/p>\n<p>16.00 Passeig per a descobrir \u00abL&#8217;hort de Trenor\u00bb, un espai plaent amb la casa, capella i jard\u00ed, declarat B\u00e9 d&#8217;Inter\u00e9s Cultural i catalogat com a Jard\u00ed Hist\u00f2ric.<\/p>\n<p>17.30 Fi del programa i comiat.<\/p>\n\t\t\t\t\t\t\t\t<\/div>\n\t\t\t\t<\/div>\n\t\t\t\t\t<\/div>\n\t\t<\/div>\n\t\t\t\t<div class=\"elementor-column elementor-col-50 elementor-inner-column elementor-element elementor-element-64d8490\" data-id=\"64d8490\" data-element_type=\"column\" data-e-type=\"column\">\n\t\t\t<div class=\"elementor-widget-wrap elementor-element-populated\">\n\t\t\t\t\t\t<div class=\"elementor-element elementor-element-6b77350 elementor-widget elementor-widget-heading\" data-id=\"6b77350\" data-element_type=\"widget\" data-e-type=\"widget\" data-widget_type=\"heading.default\">\n\t\t\t\t<div class=\"elementor-widget-container\">\n\t\t\t\t\t<h2 class=\"elementor-heading-title elementor-size-default\">QU\u00c8 INCLOU?<\/h2>\t\t\t\t<\/div>\n\t\t\t\t<\/div>\n\t\t\t\t<div class=\"elementor-element elementor-element-2692efc pcol2 elementor-widget elementor-widget-text-editor\" data-id=\"2692efc\" data-element_type=\"widget\" data-e-type=\"widget\" data-widget_type=\"text-editor.default\">\n\t\t\t\t<div class=\"elementor-widget-container\">\n\t\t\t\t\t\t\t\t\t<p>El preu inclou: coordinaci\u00f3 del programa, visita acompanyats per un guia especialitzat als llocs assenyalats. Dinar en restaurant local. Assegurances de RC i accident.<\/p>\n<p>No inclou: caf\u00e9 matinal (opcional).<\/p>\n\t\t\t\t\t\t\t\t<\/div>\n\t\t\t\t<\/div>\n\t\t\t\t<div class=\"elementor-element elementor-element-6f20bd6 elementor-widget elementor-widget-heading\" data-id=\"6f20bd6\" data-element_type=\"widget\" data-e-type=\"widget\" data-widget_type=\"heading.default\">\n\t\t\t\t<div class=\"elementor-widget-container\">\n\t\t\t\t\t<h2 class=\"elementor-heading-title elementor-size-default\">RECOMANACIONS<\/h2>\t\t\t\t<\/div>\n\t\t\t\t<\/div>\n\t\t\t\t<div class=\"elementor-element elementor-element-dbbdf6a pcol2 elementor-widget elementor-widget-text-editor\" data-id=\"dbbdf6a\" data-element_type=\"widget\" data-e-type=\"widget\" data-widget_type=\"text-editor.default\">\n\t\t\t\t<div class=\"elementor-widget-container\">\n\t\t\t\t\t\t\t\t\t<p>No es recomana la visita en divendres per la pres\u00e8ncia del mercat municipal setmanal als peus de la torre.<\/p>\n<p>Roba i cal\u00e7at c\u00f2mode<\/p>\n\t\t\t\t\t\t\t\t<\/div>\n\t\t\t\t<\/div>\n\t\t\t\t\t<\/div>\n\t\t<\/div>\n\t\t\t\t\t<\/div>\n\t\t<\/section>\n\t\t\t\t\t<\/div>\n\t\t<\/div>\n\t\t\t\t\t<\/div>\n\t\t<\/section>\n\t\t\t\t<\/div>\n\t\t","protected":false},"excerpt":{"rendered":"<p><span style=\"color: #49ccd4;\">Min:<\/span> 15 personEs\u00a0 \/<span style=\"color: #49ccd4;\"> M\u00e1x:<\/span> 50 persones<\/p>\n<p>Torrent \u00e9s una ciutat que es remunta a l&#8217;edat de bronze. Poblada per ibers, romans i musulmans, despr\u00e9s de la reconquesta amb l&#8217;Ordre dels Hospitalaris es consolida com a nucli de poblaci\u00f3 amb importants elements hist\u00f2rics.<\/p>\n<p>La ruta, pel barri antic, ens permet admirar: els carrers tradicionals valencians del XIX i interessants elements medievals, \u00e0rabs i barrocs. L&#8217;experi\u00e8ncia ens acosta a la vida i tradicions de l&#8217;Horta i la seua peculiar i excel\u00b7lent gastronomia, on destaquen: la \u00abCassola de Sant Blai o arr\u00f2s rossejat torrent\u00ed\u00bb o \u00a0\u00abl&#8217;arr\u00f2s amb fesols i naps\u00bb.<\/p>\n<h4 class=\"customPriceStyle\"><span style=\"color: #49ccd4; font-size: 25px;\">35\u20ac\/persona<\/span><\/h4>\n","protected":false},"featured_media":2448,"template":"","meta":[],"product_brand":[],"product_cat":[79],"product_tag":[119,118],"class_list":{"0":"post-2436","1":"product","2":"type-product","3":"status-publish","4":"has-post-thumbnail","6":"product_cat-rutes","7":"product_tag-ruta-cultural-val","8":"product_tag-torrent-val","10":"first","11":"instock","12":"virtual","13":"sold-individually","14":"taxable","15":"purchasable","16":"product-type-booking"},"yoast_head":"<!-- This site is optimized with the Yoast SEO plugin v27.5 - https:\/\/yoast.com\/product\/yoast-seo-wordpress\/ -->\n<title>Ruta hist\u00f2rica per Torrent: d&#039;\u00e0rabs i marquesos - Natura y Cultura Tours<\/title>\n<meta name=\"robots\" content=\"index, follow, max-snippet:-1, max-image-preview:large, max-video-preview:-1\" \/>\n<link rel=\"canonical\" href=\"https:\/\/naturayculturatours.com\/val\/reservas\/ruta-historica-per-torrent-darabs-i-marquesos\/\" \/>\n<meta property=\"og:locale\" content=\"en_US\" \/>\n<meta property=\"og:type\" content=\"article\" \/>\n<meta property=\"og:title\" content=\"Ruta hist\u00f2rica per Torrent: d&#039;\u00e0rabs i marquesos - Natura y Cultura Tours\" \/>\n<meta property=\"og:description\" content=\"Min: 15 personEs\u00a0 \/ M\u00e1x: 50 persones  Torrent \u00e9s una ciutat que es remunta a l&#039;edat de bronze. Poblada per ibers, romans i musulmans, despr\u00e9s de la reconquesta amb l&#039;Ordre dels Hospitalaris es consolida com a nucli de poblaci\u00f3 amb importants elements hist\u00f2rics.  La ruta, pel barri antic, ens permet admirar: els carrers tradicionals valencians del XIX i interessants elements medievals, \u00e0rabs i barrocs. L&#039;experi\u00e8ncia ens acosta a la vida i tradicions de l&#039;Horta i la seua peculiar i excel\u00b7lent gastronomia, on destaquen: la \u00abCassola de Sant Blai o arr\u00f2s rossejat torrent\u00ed\u00bb o \u00a0\u00abl&#039;arr\u00f2s amb fesols i naps\u00bb. 35\u20ac\/persona\" \/>\n<meta property=\"og:url\" content=\"https:\/\/naturayculturatours.com\/val\/reservas\/ruta-historica-per-torrent-darabs-i-marquesos\/\" \/>\n<meta property=\"og:site_name\" content=\"Natura y Cultura Tours\" \/>\n<meta property=\"article:modified_time\" content=\"2019-01-25T12:07:20+00:00\" \/>\n<meta property=\"og:image\" content=\"https:\/\/naturayculturatours.com\/wp-content\/uploads\/2019\/01\/Torrent_grupo-1.jpg\" \/>\n\t<meta property=\"og:image:width\" content=\"1188\" \/>\n\t<meta property=\"og:image:height\" content=\"876\" \/>\n\t<meta property=\"og:image:type\" content=\"image\/jpeg\" \/>\n<meta name=\"twitter:card\" content=\"summary_large_image\" \/>\n<meta name=\"twitter:label1\" content=\"Est. reading time\" \/>\n\t<meta name=\"twitter:data1\" content=\"1 minute\" \/>\n<script type=\"application\/ld+json\" class=\"yoast-schema-graph\">{\"@context\":\"https:\\\/\\\/schema.org\",\"@graph\":[{\"@type\":\"WebPage\",\"@id\":\"https:\\\/\\\/naturayculturatours.com\\\/val\\\/reservas\\\/ruta-historica-per-torrent-darabs-i-marquesos\\\/\",\"url\":\"https:\\\/\\\/naturayculturatours.com\\\/val\\\/reservas\\\/ruta-historica-per-torrent-darabs-i-marquesos\\\/\",\"name\":\"Ruta hist\u00f2rica per Torrent: d'\u00e0rabs i marquesos - Natura y Cultura Tours\",\"isPartOf\":{\"@id\":\"https:\\\/\\\/naturayculturatours.com\\\/#website\"},\"primaryImageOfPage\":{\"@id\":\"https:\\\/\\\/naturayculturatours.com\\\/val\\\/reservas\\\/ruta-historica-per-torrent-darabs-i-marquesos\\\/#primaryimage\"},\"image\":{\"@id\":\"https:\\\/\\\/naturayculturatours.com\\\/val\\\/reservas\\\/ruta-historica-per-torrent-darabs-i-marquesos\\\/#primaryimage\"},\"thumbnailUrl\":\"https:\\\/\\\/naturayculturatours.com\\\/wp-content\\\/uploads\\\/2019\\\/01\\\/Torrent_grupo-1.jpg\",\"datePublished\":\"2019-01-18T16:40:49+00:00\",\"dateModified\":\"2019-01-25T12:07:20+00:00\",\"breadcrumb\":{\"@id\":\"https:\\\/\\\/naturayculturatours.com\\\/val\\\/reservas\\\/ruta-historica-per-torrent-darabs-i-marquesos\\\/#breadcrumb\"},\"inLanguage\":\"val\",\"potentialAction\":[{\"@type\":\"ReadAction\",\"target\":[\"https:\\\/\\\/naturayculturatours.com\\\/val\\\/reservas\\\/ruta-historica-per-torrent-darabs-i-marquesos\\\/\"]}]},{\"@type\":\"ImageObject\",\"inLanguage\":\"val\",\"@id\":\"https:\\\/\\\/naturayculturatours.com\\\/val\\\/reservas\\\/ruta-historica-per-torrent-darabs-i-marquesos\\\/#primaryimage\",\"url\":\"https:\\\/\\\/naturayculturatours.com\\\/wp-content\\\/uploads\\\/2019\\\/01\\\/Torrent_grupo-1.jpg\",\"contentUrl\":\"https:\\\/\\\/naturayculturatours.com\\\/wp-content\\\/uploads\\\/2019\\\/01\\\/Torrent_grupo-1.jpg\",\"width\":1188,\"height\":876},{\"@type\":\"BreadcrumbList\",\"@id\":\"https:\\\/\\\/naturayculturatours.com\\\/val\\\/reservas\\\/ruta-historica-per-torrent-darabs-i-marquesos\\\/#breadcrumb\",\"itemListElement\":[{\"@type\":\"ListItem\",\"position\":1,\"name\":\"Portada\",\"item\":\"https:\\\/\\\/naturayculturatours.com\\\/val\\\/\"},{\"@type\":\"ListItem\",\"position\":2,\"name\":\"Shop\",\"item\":\"https:\\\/\\\/naturayculturatours.com\\\/val\\\/tenda\\\/\"},{\"@type\":\"ListItem\",\"position\":3,\"name\":\"Ruta hist\u00f2rica per Torrent: d&#8217;\u00e0rabs i marquesos\"}]},{\"@type\":\"WebSite\",\"@id\":\"https:\\\/\\\/naturayculturatours.com\\\/#website\",\"url\":\"https:\\\/\\\/naturayculturatours.com\\\/\",\"name\":\"Natura y Cultura Tours\",\"description\":\"Turismo responsable\",\"publisher\":{\"@id\":\"https:\\\/\\\/naturayculturatours.com\\\/#organization\"},\"potentialAction\":[{\"@type\":\"SearchAction\",\"target\":{\"@type\":\"EntryPoint\",\"urlTemplate\":\"https:\\\/\\\/naturayculturatours.com\\\/?s={search_term_string}\"},\"query-input\":{\"@type\":\"PropertyValueSpecification\",\"valueRequired\":true,\"valueName\":\"search_term_string\"}}],\"inLanguage\":\"val\"},{\"@type\":\"Organization\",\"@id\":\"https:\\\/\\\/naturayculturatours.com\\\/#organization\",\"name\":\"Natura y Cultura Tours\",\"url\":\"https:\\\/\\\/naturayculturatours.com\\\/\",\"logo\":{\"@type\":\"ImageObject\",\"inLanguage\":\"val\",\"@id\":\"https:\\\/\\\/naturayculturatours.com\\\/#\\\/schema\\\/logo\\\/image\\\/\",\"url\":\"https:\\\/\\\/naturayculturatours.com\\\/wp-content\\\/uploads\\\/2025\\\/10\\\/cropped-Logo-nYc-pequeno.png\",\"contentUrl\":\"https:\\\/\\\/naturayculturatours.com\\\/wp-content\\\/uploads\\\/2025\\\/10\\\/cropped-Logo-nYc-pequeno.png\",\"width\":300,\"height\":115,\"caption\":\"Natura y Cultura Tours\"},\"image\":{\"@id\":\"https:\\\/\\\/naturayculturatours.com\\\/#\\\/schema\\\/logo\\\/image\\\/\"}}]}<\/script>\n<!-- \/ Yoast SEO plugin. -->","yoast_head_json":{"title":"Ruta hist\u00f2rica per Torrent: d'\u00e0rabs i marquesos - Natura y Cultura Tours","robots":{"index":"index","follow":"follow","max-snippet":"max-snippet:-1","max-image-preview":"max-image-preview:large","max-video-preview":"max-video-preview:-1"},"canonical":"https:\/\/naturayculturatours.com\/val\/reservas\/ruta-historica-per-torrent-darabs-i-marquesos\/","og_locale":"en_US","og_type":"article","og_title":"Ruta hist\u00f2rica per Torrent: d'\u00e0rabs i marquesos - Natura y Cultura Tours","og_description":"Min: 15 personEs\u00a0 \/ M\u00e1x: 50 persones  Torrent \u00e9s una ciutat que es remunta a l'edat de bronze. Poblada per ibers, romans i musulmans, despr\u00e9s de la reconquesta amb l'Ordre dels Hospitalaris es consolida com a nucli de poblaci\u00f3 amb importants elements hist\u00f2rics.  La ruta, pel barri antic, ens permet admirar: els carrers tradicionals valencians del XIX i interessants elements medievals, \u00e0rabs i barrocs. L'experi\u00e8ncia ens acosta a la vida i tradicions de l'Horta i la seua peculiar i excel\u00b7lent gastronomia, on destaquen: la \u00abCassola de Sant Blai o arr\u00f2s rossejat torrent\u00ed\u00bb o \u00a0\u00abl'arr\u00f2s amb fesols i naps\u00bb. 35\u20ac\/persona","og_url":"https:\/\/naturayculturatours.com\/val\/reservas\/ruta-historica-per-torrent-darabs-i-marquesos\/","og_site_name":"Natura y Cultura Tours","article_modified_time":"2019-01-25T12:07:20+00:00","og_image":[{"width":1188,"height":876,"url":"https:\/\/naturayculturatours.com\/wp-content\/uploads\/2019\/01\/Torrent_grupo-1.jpg","type":"image\/jpeg"}],"twitter_card":"summary_large_image","twitter_misc":{"Est. reading time":"1 minute"},"schema":{"@context":"https:\/\/schema.org","@graph":[{"@type":"WebPage","@id":"https:\/\/naturayculturatours.com\/val\/reservas\/ruta-historica-per-torrent-darabs-i-marquesos\/","url":"https:\/\/naturayculturatours.com\/val\/reservas\/ruta-historica-per-torrent-darabs-i-marquesos\/","name":"Ruta hist\u00f2rica per Torrent: d'\u00e0rabs i marquesos - Natura y Cultura Tours","isPartOf":{"@id":"https:\/\/naturayculturatours.com\/#website"},"primaryImageOfPage":{"@id":"https:\/\/naturayculturatours.com\/val\/reservas\/ruta-historica-per-torrent-darabs-i-marquesos\/#primaryimage"},"image":{"@id":"https:\/\/naturayculturatours.com\/val\/reservas\/ruta-historica-per-torrent-darabs-i-marquesos\/#primaryimage"},"thumbnailUrl":"https:\/\/naturayculturatours.com\/wp-content\/uploads\/2019\/01\/Torrent_grupo-1.jpg","datePublished":"2019-01-18T16:40:49+00:00","dateModified":"2019-01-25T12:07:20+00:00","breadcrumb":{"@id":"https:\/\/naturayculturatours.com\/val\/reservas\/ruta-historica-per-torrent-darabs-i-marquesos\/#breadcrumb"},"inLanguage":"val","potentialAction":[{"@type":"ReadAction","target":["https:\/\/naturayculturatours.com\/val\/reservas\/ruta-historica-per-torrent-darabs-i-marquesos\/"]}]},{"@type":"ImageObject","inLanguage":"val","@id":"https:\/\/naturayculturatours.com\/val\/reservas\/ruta-historica-per-torrent-darabs-i-marquesos\/#primaryimage","url":"https:\/\/naturayculturatours.com\/wp-content\/uploads\/2019\/01\/Torrent_grupo-1.jpg","contentUrl":"https:\/\/naturayculturatours.com\/wp-content\/uploads\/2019\/01\/Torrent_grupo-1.jpg","width":1188,"height":876},{"@type":"BreadcrumbList","@id":"https:\/\/naturayculturatours.com\/val\/reservas\/ruta-historica-per-torrent-darabs-i-marquesos\/#breadcrumb","itemListElement":[{"@type":"ListItem","position":1,"name":"Portada","item":"https:\/\/naturayculturatours.com\/val\/"},{"@type":"ListItem","position":2,"name":"Shop","item":"https:\/\/naturayculturatours.com\/val\/tenda\/"},{"@type":"ListItem","position":3,"name":"Ruta hist\u00f2rica per Torrent: d&#8217;\u00e0rabs i marquesos"}]},{"@type":"WebSite","@id":"https:\/\/naturayculturatours.com\/#website","url":"https:\/\/naturayculturatours.com\/","name":"Natura y Cultura Tours","description":"Turismo responsable","publisher":{"@id":"https:\/\/naturayculturatours.com\/#organization"},"potentialAction":[{"@type":"SearchAction","target":{"@type":"EntryPoint","urlTemplate":"https:\/\/naturayculturatours.com\/?s={search_term_string}"},"query-input":{"@type":"PropertyValueSpecification","valueRequired":true,"valueName":"search_term_string"}}],"inLanguage":"val"},{"@type":"Organization","@id":"https:\/\/naturayculturatours.com\/#organization","name":"Natura y Cultura Tours","url":"https:\/\/naturayculturatours.com\/","logo":{"@type":"ImageObject","inLanguage":"val","@id":"https:\/\/naturayculturatours.com\/#\/schema\/logo\/image\/","url":"https:\/\/naturayculturatours.com\/wp-content\/uploads\/2025\/10\/cropped-Logo-nYc-pequeno.png","contentUrl":"https:\/\/naturayculturatours.com\/wp-content\/uploads\/2025\/10\/cropped-Logo-nYc-pequeno.png","width":300,"height":115,"caption":"Natura y Cultura Tours"},"image":{"@id":"https:\/\/naturayculturatours.com\/#\/schema\/logo\/image\/"}}]}},"_links":{"self":[{"href":"https:\/\/naturayculturatours.com\/val\/wp-json\/wp\/v2\/product\/2436","targetHints":{"allow":["GET"]}}],"collection":[{"href":"https:\/\/naturayculturatours.com\/val\/wp-json\/wp\/v2\/product"}],"about":[{"href":"https:\/\/naturayculturatours.com\/val\/wp-json\/wp\/v2\/types\/product"}],"version-history":[{"count":9,"href":"https:\/\/naturayculturatours.com\/val\/wp-json\/wp\/v2\/product\/2436\/revisions"}],"predecessor-version":[{"id":2944,"href":"https:\/\/naturayculturatours.com\/val\/wp-json\/wp\/v2\/product\/2436\/revisions\/2944"}],"wp:featuredmedia":[{"embeddable":true,"href":"https:\/\/naturayculturatours.com\/val\/wp-json\/wp\/v2\/media\/2448"}],"wp:attachment":[{"href":"https:\/\/naturayculturatours.com\/val\/wp-json\/wp\/v2\/media?parent=2436"}],"wp:term":[{"taxonomy":"product_brand","embeddable":true,"href":"https:\/\/naturayculturatours.com\/val\/wp-json\/wp\/v2\/product_brand?post=2436"},{"taxonomy":"product_cat","embeddable":true,"href":"https:\/\/naturayculturatours.com\/val\/wp-json\/wp\/v2\/product_cat?post=2436"},{"taxonomy":"product_tag","embeddable":true,"href":"https:\/\/naturayculturatours.com\/val\/wp-json\/wp\/v2\/product_tag?post=2436"}],"curies":[{"name":"wp","href":"https:\/\/api.w.org\/{rel}","templated":true}]}}