{"id":2482,"date":"2019-01-18T17:00:46","date_gmt":"2019-01-18T17:00:47","guid":{"rendered":"https:\/\/naturayculturatours.com\/?post_type=product&#038;p=2482"},"modified":"2019-01-25T12:04:25","modified_gmt":"2019-01-25T12:04:25","slug":"ruta-del-reg-mil%c2%b7lenari","status":"publish","type":"product","link":"https:\/\/naturayculturatours.com\/val\/reservas\/ruta-del-reg-mil%c2%b7lenari\/","title":{"rendered":"Ruta del Reg Mil\u00b7lenari: patrimoni hidr\u00e0ulic, natural i etnogr\u00e0fic de Torrent"},"content":{"rendered":"\t\t<div data-elementor-type=\"wp-post\" data-elementor-id=\"2482\" class=\"elementor elementor-2482 elementor-2480 elementor-bc-flex-widget\" data-elementor-post-type=\"product\">\n\t\t\t\t\t\t<section class=\"elementor-section elementor-top-section elementor-element elementor-element-19cfea0 elementor-section-stretched pcont elementor-section-boxed elementor-section-height-default elementor-section-height-default\" data-id=\"19cfea0\" data-element_type=\"section\" id=\"pcont\" data-settings=\"{&quot;jet_parallax_layout_list&quot;:[{&quot;jet_parallax_layout_image&quot;:{&quot;url&quot;:&quot;&quot;,&quot;id&quot;:&quot;&quot;,&quot;size&quot;:&quot;&quot;},&quot;_id&quot;:&quot;7e8327b&quot;,&quot;jet_parallax_layout_speed&quot;:{&quot;unit&quot;:&quot;%&quot;,&quot;size&quot;:50,&quot;sizes&quot;:[]},&quot;jet_parallax_layout_type&quot;:&quot;scroll&quot;,&quot;jet_parallax_layout_z_index&quot;:&quot;&quot;,&quot;jet_parallax_layout_bg_x&quot;:50,&quot;jet_parallax_layout_bg_y&quot;:50,&quot;jet_parallax_layout_bg_size&quot;:&quot;auto&quot;,&quot;jet_parallax_layout_animation_prop&quot;:&quot;transform&quot;,&quot;jet_parallax_layout_on&quot;:[&quot;desktop&quot;,&quot;tablet&quot;],&quot;jet_parallax_layout_image_tablet&quot;:{&quot;url&quot;:&quot;&quot;,&quot;id&quot;:&quot;&quot;,&quot;size&quot;:&quot;&quot;},&quot;jet_parallax_layout_image_mobile&quot;:{&quot;url&quot;:&quot;&quot;,&quot;id&quot;:&quot;&quot;,&quot;size&quot;:&quot;&quot;},&quot;jet_parallax_layout_direction&quot;:&quot;1&quot;,&quot;jet_parallax_layout_fx_direction&quot;:null,&quot;jet_parallax_layout_bg_x_tablet&quot;:&quot;&quot;,&quot;jet_parallax_layout_bg_x_mobile&quot;:&quot;&quot;,&quot;jet_parallax_layout_bg_y_tablet&quot;:&quot;&quot;,&quot;jet_parallax_layout_bg_y_mobile&quot;:&quot;&quot;,&quot;jet_parallax_layout_bg_size_tablet&quot;:&quot;&quot;,&quot;jet_parallax_layout_bg_size_mobile&quot;:&quot;&quot;}],&quot;stretch_section&quot;:&quot;section-stretched&quot;}\">\n\t\t\t\t\t\t<div class=\"elementor-container elementor-column-gap-default\">\n\t\t\t\t\t<div class=\"elementor-column elementor-col-100 elementor-top-column elementor-element elementor-element-0e972a9\" data-id=\"0e972a9\" data-element_type=\"column\">\n\t\t\t<div class=\"elementor-widget-wrap elementor-element-populated\">\n\t\t\t\t\t\t<section class=\"elementor-section elementor-inner-section elementor-element elementor-element-3583651 elementor-section-full_width pcontcol elementor-section-height-default elementor-section-height-default\" data-id=\"3583651\" data-element_type=\"section\" data-settings=\"{&quot;jet_parallax_layout_list&quot;:[{&quot;jet_parallax_layout_image&quot;:{&quot;url&quot;:&quot;&quot;,&quot;id&quot;:&quot;&quot;,&quot;size&quot;:&quot;&quot;},&quot;_id&quot;:&quot;edc8c20&quot;,&quot;jet_parallax_layout_speed&quot;:{&quot;unit&quot;:&quot;%&quot;,&quot;size&quot;:50,&quot;sizes&quot;:[]},&quot;jet_parallax_layout_type&quot;:&quot;scroll&quot;,&quot;jet_parallax_layout_z_index&quot;:&quot;&quot;,&quot;jet_parallax_layout_bg_x&quot;:50,&quot;jet_parallax_layout_bg_y&quot;:50,&quot;jet_parallax_layout_bg_size&quot;:&quot;auto&quot;,&quot;jet_parallax_layout_animation_prop&quot;:&quot;transform&quot;,&quot;jet_parallax_layout_on&quot;:[&quot;desktop&quot;,&quot;tablet&quot;],&quot;jet_parallax_layout_image_tablet&quot;:{&quot;url&quot;:&quot;&quot;,&quot;id&quot;:&quot;&quot;,&quot;size&quot;:&quot;&quot;},&quot;jet_parallax_layout_image_mobile&quot;:{&quot;url&quot;:&quot;&quot;,&quot;id&quot;:&quot;&quot;,&quot;size&quot;:&quot;&quot;},&quot;jet_parallax_layout_direction&quot;:&quot;1&quot;,&quot;jet_parallax_layout_fx_direction&quot;:null,&quot;jet_parallax_layout_bg_x_tablet&quot;:&quot;&quot;,&quot;jet_parallax_layout_bg_x_mobile&quot;:&quot;&quot;,&quot;jet_parallax_layout_bg_y_tablet&quot;:&quot;&quot;,&quot;jet_parallax_layout_bg_y_mobile&quot;:&quot;&quot;,&quot;jet_parallax_layout_bg_size_tablet&quot;:&quot;&quot;,&quot;jet_parallax_layout_bg_size_mobile&quot;:&quot;&quot;}]}\">\n\t\t\t\t\t\t<div class=\"elementor-container elementor-column-gap-default\">\n\t\t\t\t\t<div class=\"elementor-column elementor-col-50 elementor-inner-column elementor-element elementor-element-e695d60\" data-id=\"e695d60\" data-element_type=\"column\">\n\t\t\t<div class=\"elementor-widget-wrap elementor-element-populated\">\n\t\t\t\t\t\t<div class=\"elementor-element elementor-element-9646f5c elementor-widget elementor-widget-heading\" data-id=\"9646f5c\" data-element_type=\"widget\" data-widget_type=\"heading.default\">\n\t\t\t\t<div class=\"elementor-widget-container\">\n\t\t\t\t\t<h2 class=\"elementor-heading-title elementor-size-default\">PROGRAMA<\/h2>\t\t\t\t<\/div>\n\t\t\t\t<\/div>\n\t\t\t\t<div class=\"elementor-element elementor-element-76e3508 pcol1 elementor-widget elementor-widget-text-editor\" data-id=\"76e3508\" data-element_type=\"widget\" data-widget_type=\"text-editor.default\">\n\t\t\t\t<div class=\"elementor-widget-container\">\n\t\t\t\t\t\t\t\t\t<p>9.00 Comen\u00e7ament de la ruta en el Pont Blau, recorregut per a con\u00e9ixer innombrables elements hidr\u00e0ulics: arcs, assuts, s\u00e9quies, fonts, ponts, preses, partidors, basses i masies les restes de les quals daten des d&#8217;\u00e8poca romana (segles I-IV) fins als segles XVII, XVIII, XIX i XX. Aix\u00f2 \u00e9s hist\u00f2ria.<\/p>\n<p>11.00 Parada per a esmorzar en els Arquets de Baix, al costat de les restes de l&#8217;aq\u00fceducte rom\u00e0 (segle I-IV dC).<\/p>\n<p>11.30 Continuem itinerari per a \u00a0gaudir, no solament d&#8217;elements hist\u00f2rics del segle VIII al XIX, com els Arquets de Dalt (segle XVIII), sin\u00f3 tamb\u00e9 dels ecosistemes fluvials, el paisatge i la fauna que conformen la Microreserva de Fauna de la Font de la Teula, el Clot de Bail\u00f3n i l&#8217;assut de Manyet, zones d&#8217;alt valor ecol\u00f2gic on predominen esp\u00e8cies aut\u00f2ctones.\u00a0 Tota una experi\u00e8ncia de patrimoni i naturalesa.<\/p>\n<p>14.30 Dinar en l&#8217;Alberg Sanabria.<\/p>\n<p>16.00 Fi de la ruta. Retorn amb autob\u00fas al lloc d&#8217;origen.<\/p>\n\t\t\t\t\t\t\t\t<\/div>\n\t\t\t\t<\/div>\n\t\t\t\t\t<\/div>\n\t\t<\/div>\n\t\t\t\t<div class=\"elementor-column elementor-col-50 elementor-inner-column elementor-element elementor-element-64d8490\" data-id=\"64d8490\" data-element_type=\"column\">\n\t\t\t<div class=\"elementor-widget-wrap elementor-element-populated\">\n\t\t\t\t\t\t<div class=\"elementor-element elementor-element-6b77350 elementor-widget elementor-widget-heading\" data-id=\"6b77350\" data-element_type=\"widget\" data-widget_type=\"heading.default\">\n\t\t\t\t<div class=\"elementor-widget-container\">\n\t\t\t\t\t<h2 class=\"elementor-heading-title elementor-size-default\">QU\u00c8 INCLOU?<\/h2>\t\t\t\t<\/div>\n\t\t\t\t<\/div>\n\t\t\t\t<div class=\"elementor-element elementor-element-2692efc pcol2 elementor-widget elementor-widget-text-editor\" data-id=\"2692efc\" data-element_type=\"widget\" data-widget_type=\"text-editor.default\">\n\t\t\t\t<div class=\"elementor-widget-container\">\n\t\t\t\t\t\t\t\t\t<p>Coordinaci\u00f3 del programa<\/p>\n<p>Visita acompanyats per un o dos guies especialitzats \u2014segons el nombre de participants\u2014 als llocs assenyalats.<\/p>\n<p>Assegurances de RC i accident.<\/p>\n<p>OPCIONAL<\/p>\n<p>Dinar de men\u00fa en l&#8217;alberg<\/p>\n\t\t\t\t\t\t\t\t<\/div>\n\t\t\t\t<\/div>\n\t\t\t\t<div class=\"elementor-element elementor-element-6f20bd6 elementor-widget elementor-widget-heading\" data-id=\"6f20bd6\" data-element_type=\"widget\" data-widget_type=\"heading.default\">\n\t\t\t\t<div class=\"elementor-widget-container\">\n\t\t\t\t\t<h2 class=\"elementor-heading-title elementor-size-default\">RECOMANACIONS<\/h2>\t\t\t\t<\/div>\n\t\t\t\t<\/div>\n\t\t\t\t<div class=\"elementor-element elementor-element-dbbdf6a pcol2 elementor-widget elementor-widget-text-editor\" data-id=\"dbbdf6a\" data-element_type=\"widget\" data-widget_type=\"text-editor.default\">\n\t\t\t\t<div class=\"elementor-widget-container\">\n\t\t\t\t\t\t\t\t\t<p>La ruta lineal s\u00f3n 13 km, desnivell 100 m. Dificultat baixa. Portar roba i cal\u00e7at adequat.<\/p>\n<p>Portar esmorzar i aigua suficient.<\/p>\n\t\t\t\t\t\t\t\t<\/div>\n\t\t\t\t<\/div>\n\t\t\t\t\t<\/div>\n\t\t<\/div>\n\t\t\t\t\t<\/div>\n\t\t<\/section>\n\t\t\t\t\t<\/div>\n\t\t<\/div>\n\t\t\t\t\t<\/div>\n\t\t<\/section>\n\t\t\t\t<\/div>\n\t\t","protected":false},"excerpt":{"rendered":"<p><span style=\"color: #49ccd4;\">Min:<\/span> 15 persones\u00a0 \/<span style=\"color: #49ccd4;\"> M\u00e1x:<\/span> 50 persones<\/p>\n<p>Descobreix, amb aquesta ruta, el patrimoni hidr\u00e0ulic, natural i etnogr\u00e0fic del barranc de l&#8217;Horteta. \u00c9s un viatge al passat per a con\u00e9ixer les infraestructures i la manera d&#8217;utilitzar els recursos h\u00eddrics dels nostres avantpassats\u00a0\u2014romans, musulmans i cristians\u2014; al mateix temps gaudir\u00e0s del paisatge, la vegetaci\u00f3 i la fauna d&#8217;aquest singular espai.<\/p>\n<h4 class=\"customPriceStyle\"><span style=\"color: #49ccd4; font-size: 25px;\">8\u20ac\/persona<\/span><\/h4>\n","protected":false},"featured_media":2485,"template":"","meta":[],"product_brand":[],"product_cat":[79],"product_tag":[126,127],"class_list":{"0":"post-2482","1":"product","2":"type-product","3":"status-publish","4":"has-post-thumbnail","6":"product_cat-rutes","7":"product_tag-patrimoni-historic","8":"product_tag-turisme-cultural","10":"first","11":"instock","12":"virtual","13":"sold-individually","14":"taxable","15":"purchasable","16":"product-type-booking"},"yoast_head":"<!-- This site is optimized with the Yoast SEO plugin v25.8 - https:\/\/yoast.com\/wordpress\/plugins\/seo\/ -->\n<title>Ruta del Reg Mil\u00b7lenari: patrimoni hidr\u00e0ulic, natural i etnogr\u00e0fic de Torrent - Natura y Cultura Tours<\/title>\n<meta name=\"robots\" content=\"index, follow, max-snippet:-1, max-image-preview:large, max-video-preview:-1\" \/>\n<link rel=\"canonical\" href=\"https:\/\/naturayculturatours.com\/val\/reservas\/ruta-del-reg-mil\u00b7lenari\/\" \/>\n<meta property=\"og:locale\" content=\"en_US\" \/>\n<meta property=\"og:type\" content=\"article\" \/>\n<meta property=\"og:title\" content=\"Ruta del Reg Mil\u00b7lenari: patrimoni hidr\u00e0ulic, natural i etnogr\u00e0fic de Torrent - Natura y Cultura Tours\" \/>\n<meta property=\"og:description\" content=\"Min: 15 persones\u00a0 \/ M\u00e1x: 50 persones  Descobreix, amb aquesta ruta, el patrimoni hidr\u00e0ulic, natural i etnogr\u00e0fic del barranc de l&#039;Horteta. \u00c9s un viatge al passat per a con\u00e9ixer les infraestructures i la manera d&#039;utilitzar els recursos h\u00eddrics dels nostres avantpassats\u00a0\u2014romans, musulmans i cristians\u2014; al mateix temps gaudir\u00e0s del paisatge, la vegetaci\u00f3 i la fauna d&#039;aquest singular espai. 8\u20ac\/persona\" \/>\n<meta property=\"og:url\" content=\"https:\/\/naturayculturatours.com\/val\/reservas\/ruta-del-reg-mil\u00b7lenari\/\" \/>\n<meta property=\"og:site_name\" content=\"Natura y Cultura Tours\" \/>\n<meta property=\"article:modified_time\" content=\"2019-01-25T12:04:25+00:00\" \/>\n<meta property=\"og:image\" content=\"https:\/\/naturayculturatours.com\/wp-content\/uploads\/2019\/01\/Torrent_turismo_hidra\u0301ulico.jpg\" \/>\n\t<meta property=\"og:image:width\" content=\"800\" \/>\n\t<meta property=\"og:image:height\" content=\"601\" \/>\n\t<meta property=\"og:image:type\" content=\"image\/jpeg\" \/>\n<meta name=\"twitter:card\" content=\"summary_large_image\" \/>\n<meta name=\"twitter:label1\" content=\"Est. reading time\" \/>\n\t<meta name=\"twitter:data1\" content=\"1 minute\" \/>\n<script type=\"application\/ld+json\" class=\"yoast-schema-graph\">{\"@context\":\"https:\/\/schema.org\",\"@graph\":[{\"@type\":\"WebPage\",\"@id\":\"https:\/\/naturayculturatours.com\/val\/reservas\/ruta-del-reg-mil%c2%b7lenari\/\",\"url\":\"https:\/\/naturayculturatours.com\/val\/reservas\/ruta-del-reg-mil%c2%b7lenari\/\",\"name\":\"Ruta del Reg Mil\u00b7lenari: patrimoni hidr\u00e0ulic, natural i etnogr\u00e0fic de Torrent - Natura y Cultura Tours\",\"isPartOf\":{\"@id\":\"https:\/\/naturayculturatours.com\/#website\"},\"primaryImageOfPage\":{\"@id\":\"https:\/\/naturayculturatours.com\/val\/reservas\/ruta-del-reg-mil%c2%b7lenari\/#primaryimage\"},\"image\":{\"@id\":\"https:\/\/naturayculturatours.com\/val\/reservas\/ruta-del-reg-mil%c2%b7lenari\/#primaryimage\"},\"thumbnailUrl\":\"https:\/\/naturayculturatours.com\/wp-content\/uploads\/2019\/01\/Torrent_turismo_hidra\u0301ulico.jpg\",\"datePublished\":\"2019-01-18T17:00:47+00:00\",\"dateModified\":\"2019-01-25T12:04:25+00:00\",\"breadcrumb\":{\"@id\":\"https:\/\/naturayculturatours.com\/val\/reservas\/ruta-del-reg-mil%c2%b7lenari\/#breadcrumb\"},\"inLanguage\":\"val\",\"potentialAction\":[{\"@type\":\"ReadAction\",\"target\":[\"https:\/\/naturayculturatours.com\/val\/reservas\/ruta-del-reg-mil%c2%b7lenari\/\"]}]},{\"@type\":\"ImageObject\",\"inLanguage\":\"val\",\"@id\":\"https:\/\/naturayculturatours.com\/val\/reservas\/ruta-del-reg-mil%c2%b7lenari\/#primaryimage\",\"url\":\"https:\/\/naturayculturatours.com\/wp-content\/uploads\/2019\/01\/Torrent_turismo_hidra\u0301ulico.jpg\",\"contentUrl\":\"https:\/\/naturayculturatours.com\/wp-content\/uploads\/2019\/01\/Torrent_turismo_hidra\u0301ulico.jpg\",\"width\":800,\"height\":601},{\"@type\":\"BreadcrumbList\",\"@id\":\"https:\/\/naturayculturatours.com\/val\/reservas\/ruta-del-reg-mil%c2%b7lenari\/#breadcrumb\",\"itemListElement\":[{\"@type\":\"ListItem\",\"position\":1,\"name\":\"Portada\",\"item\":\"https:\/\/naturayculturatours.com\/val\/\"},{\"@type\":\"ListItem\",\"position\":2,\"name\":\"Shop\",\"item\":\"https:\/\/naturayculturatours.com\/val\/tenda\/\"},{\"@type\":\"ListItem\",\"position\":3,\"name\":\"Ruta del Reg Mil\u00b7lenari: patrimoni hidr\u00e0ulic, natural i etnogr\u00e0fic de Torrent\"}]},{\"@type\":\"WebSite\",\"@id\":\"https:\/\/naturayculturatours.com\/#website\",\"url\":\"https:\/\/naturayculturatours.com\/\",\"name\":\"Natura y Cultura Tours\",\"description\":\"Turismo responsable\",\"publisher\":{\"@id\":\"https:\/\/naturayculturatours.com\/#organization\"},\"potentialAction\":[{\"@type\":\"SearchAction\",\"target\":{\"@type\":\"EntryPoint\",\"urlTemplate\":\"https:\/\/naturayculturatours.com\/?s={search_term_string}\"},\"query-input\":{\"@type\":\"PropertyValueSpecification\",\"valueRequired\":true,\"valueName\":\"search_term_string\"}}],\"inLanguage\":\"val\"},{\"@type\":\"Organization\",\"@id\":\"https:\/\/naturayculturatours.com\/#organization\",\"name\":\"Natura y Cultura Tours\",\"url\":\"https:\/\/naturayculturatours.com\/\",\"logo\":{\"@type\":\"ImageObject\",\"inLanguage\":\"val\",\"@id\":\"https:\/\/naturayculturatours.com\/#\/schema\/logo\/image\/\",\"url\":\"https:\/\/naturayculturatours.com\/wp-content\/uploads\/2025\/10\/cropped-Logo-nYc-pequeno.png\",\"contentUrl\":\"https:\/\/naturayculturatours.com\/wp-content\/uploads\/2025\/10\/cropped-Logo-nYc-pequeno.png\",\"width\":300,\"height\":115,\"caption\":\"Natura y Cultura Tours\"},\"image\":{\"@id\":\"https:\/\/naturayculturatours.com\/#\/schema\/logo\/image\/\"}}]}<\/script>\n<!-- \/ Yoast SEO plugin. -->","yoast_head_json":{"title":"Ruta del Reg Mil\u00b7lenari: patrimoni hidr\u00e0ulic, natural i etnogr\u00e0fic de Torrent - Natura y Cultura Tours","robots":{"index":"index","follow":"follow","max-snippet":"max-snippet:-1","max-image-preview":"max-image-preview:large","max-video-preview":"max-video-preview:-1"},"canonical":"https:\/\/naturayculturatours.com\/val\/reservas\/ruta-del-reg-mil\u00b7lenari\/","og_locale":"en_US","og_type":"article","og_title":"Ruta del Reg Mil\u00b7lenari: patrimoni hidr\u00e0ulic, natural i etnogr\u00e0fic de Torrent - Natura y Cultura Tours","og_description":"Min: 15 persones\u00a0 \/ M\u00e1x: 50 persones  Descobreix, amb aquesta ruta, el patrimoni hidr\u00e0ulic, natural i etnogr\u00e0fic del barranc de l'Horteta. \u00c9s un viatge al passat per a con\u00e9ixer les infraestructures i la manera d'utilitzar els recursos h\u00eddrics dels nostres avantpassats\u00a0\u2014romans, musulmans i cristians\u2014; al mateix temps gaudir\u00e0s del paisatge, la vegetaci\u00f3 i la fauna d'aquest singular espai. 8\u20ac\/persona","og_url":"https:\/\/naturayculturatours.com\/val\/reservas\/ruta-del-reg-mil\u00b7lenari\/","og_site_name":"Natura y Cultura Tours","article_modified_time":"2019-01-25T12:04:25+00:00","og_image":[{"width":800,"height":601,"url":"https:\/\/naturayculturatours.com\/wp-content\/uploads\/2019\/01\/Torrent_turismo_hidra\u0301ulico.jpg","type":"image\/jpeg"}],"twitter_card":"summary_large_image","twitter_misc":{"Est. reading time":"1 minute"},"schema":{"@context":"https:\/\/schema.org","@graph":[{"@type":"WebPage","@id":"https:\/\/naturayculturatours.com\/val\/reservas\/ruta-del-reg-mil%c2%b7lenari\/","url":"https:\/\/naturayculturatours.com\/val\/reservas\/ruta-del-reg-mil%c2%b7lenari\/","name":"Ruta del Reg Mil\u00b7lenari: patrimoni hidr\u00e0ulic, natural i etnogr\u00e0fic de Torrent - Natura y Cultura Tours","isPartOf":{"@id":"https:\/\/naturayculturatours.com\/#website"},"primaryImageOfPage":{"@id":"https:\/\/naturayculturatours.com\/val\/reservas\/ruta-del-reg-mil%c2%b7lenari\/#primaryimage"},"image":{"@id":"https:\/\/naturayculturatours.com\/val\/reservas\/ruta-del-reg-mil%c2%b7lenari\/#primaryimage"},"thumbnailUrl":"https:\/\/naturayculturatours.com\/wp-content\/uploads\/2019\/01\/Torrent_turismo_hidra\u0301ulico.jpg","datePublished":"2019-01-18T17:00:47+00:00","dateModified":"2019-01-25T12:04:25+00:00","breadcrumb":{"@id":"https:\/\/naturayculturatours.com\/val\/reservas\/ruta-del-reg-mil%c2%b7lenari\/#breadcrumb"},"inLanguage":"val","potentialAction":[{"@type":"ReadAction","target":["https:\/\/naturayculturatours.com\/val\/reservas\/ruta-del-reg-mil%c2%b7lenari\/"]}]},{"@type":"ImageObject","inLanguage":"val","@id":"https:\/\/naturayculturatours.com\/val\/reservas\/ruta-del-reg-mil%c2%b7lenari\/#primaryimage","url":"https:\/\/naturayculturatours.com\/wp-content\/uploads\/2019\/01\/Torrent_turismo_hidra\u0301ulico.jpg","contentUrl":"https:\/\/naturayculturatours.com\/wp-content\/uploads\/2019\/01\/Torrent_turismo_hidra\u0301ulico.jpg","width":800,"height":601},{"@type":"BreadcrumbList","@id":"https:\/\/naturayculturatours.com\/val\/reservas\/ruta-del-reg-mil%c2%b7lenari\/#breadcrumb","itemListElement":[{"@type":"ListItem","position":1,"name":"Portada","item":"https:\/\/naturayculturatours.com\/val\/"},{"@type":"ListItem","position":2,"name":"Shop","item":"https:\/\/naturayculturatours.com\/val\/tenda\/"},{"@type":"ListItem","position":3,"name":"Ruta del Reg Mil\u00b7lenari: patrimoni hidr\u00e0ulic, natural i etnogr\u00e0fic de Torrent"}]},{"@type":"WebSite","@id":"https:\/\/naturayculturatours.com\/#website","url":"https:\/\/naturayculturatours.com\/","name":"Natura y Cultura Tours","description":"Turismo responsable","publisher":{"@id":"https:\/\/naturayculturatours.com\/#organization"},"potentialAction":[{"@type":"SearchAction","target":{"@type":"EntryPoint","urlTemplate":"https:\/\/naturayculturatours.com\/?s={search_term_string}"},"query-input":{"@type":"PropertyValueSpecification","valueRequired":true,"valueName":"search_term_string"}}],"inLanguage":"val"},{"@type":"Organization","@id":"https:\/\/naturayculturatours.com\/#organization","name":"Natura y Cultura Tours","url":"https:\/\/naturayculturatours.com\/","logo":{"@type":"ImageObject","inLanguage":"val","@id":"https:\/\/naturayculturatours.com\/#\/schema\/logo\/image\/","url":"https:\/\/naturayculturatours.com\/wp-content\/uploads\/2025\/10\/cropped-Logo-nYc-pequeno.png","contentUrl":"https:\/\/naturayculturatours.com\/wp-content\/uploads\/2025\/10\/cropped-Logo-nYc-pequeno.png","width":300,"height":115,"caption":"Natura y Cultura Tours"},"image":{"@id":"https:\/\/naturayculturatours.com\/#\/schema\/logo\/image\/"}}]}},"_links":{"self":[{"href":"https:\/\/naturayculturatours.com\/val\/wp-json\/wp\/v2\/product\/2482","targetHints":{"allow":["GET"]}}],"collection":[{"href":"https:\/\/naturayculturatours.com\/val\/wp-json\/wp\/v2\/product"}],"about":[{"href":"https:\/\/naturayculturatours.com\/val\/wp-json\/wp\/v2\/types\/product"}],"version-history":[{"count":7,"href":"https:\/\/naturayculturatours.com\/val\/wp-json\/wp\/v2\/product\/2482\/revisions"}],"predecessor-version":[{"id":2943,"href":"https:\/\/naturayculturatours.com\/val\/wp-json\/wp\/v2\/product\/2482\/revisions\/2943"}],"wp:featuredmedia":[{"embeddable":true,"href":"https:\/\/naturayculturatours.com\/val\/wp-json\/wp\/v2\/media\/2485"}],"wp:attachment":[{"href":"https:\/\/naturayculturatours.com\/val\/wp-json\/wp\/v2\/media?parent=2482"}],"wp:term":[{"taxonomy":"product_brand","embeddable":true,"href":"https:\/\/naturayculturatours.com\/val\/wp-json\/wp\/v2\/product_brand?post=2482"},{"taxonomy":"product_cat","embeddable":true,"href":"https:\/\/naturayculturatours.com\/val\/wp-json\/wp\/v2\/product_cat?post=2482"},{"taxonomy":"product_tag","embeddable":true,"href":"https:\/\/naturayculturatours.com\/val\/wp-json\/wp\/v2\/product_tag?post=2482"}],"curies":[{"name":"wp","href":"https:\/\/api.w.org\/{rel}","templated":true}]}}