{"id":2695,"date":"2019-01-22T10:55:32","date_gmt":"2019-01-22T10:55:33","guid":{"rendered":"https:\/\/naturayculturatours.com\/?post_type=product&#038;p=2695"},"modified":"2019-01-25T12:11:42","modified_gmt":"2019-01-25T12:11:42","slug":"la-valltorta-sant-mateu-un-viaje-al-pasado","status":"publish","type":"product","link":"https:\/\/naturayculturatours.com\/val\/reservas\/la-valltorta-sant-mateu-un-viaje-al-pasado\/","title":{"rendered":"La Valltorta &#8211; Sant Mateu: un viatge al passat"},"content":{"rendered":"\t\t<div data-elementor-type=\"wp-post\" data-elementor-id=\"2695\" class=\"elementor elementor-2695 elementor-2693 elementor-bc-flex-widget\" data-elementor-post-type=\"product\">\n\t\t\t\t\t\t<section class=\"elementor-section elementor-top-section elementor-element elementor-element-19cfea0 elementor-section-stretched pcont elementor-section-boxed elementor-section-height-default elementor-section-height-default\" data-id=\"19cfea0\" data-element_type=\"section\" id=\"pcont\" data-settings=\"{&quot;jet_parallax_layout_list&quot;:[{&quot;jet_parallax_layout_image&quot;:{&quot;url&quot;:&quot;&quot;,&quot;id&quot;:&quot;&quot;,&quot;size&quot;:&quot;&quot;},&quot;_id&quot;:&quot;7e8327b&quot;,&quot;jet_parallax_layout_speed&quot;:{&quot;unit&quot;:&quot;%&quot;,&quot;size&quot;:50,&quot;sizes&quot;:[]},&quot;jet_parallax_layout_type&quot;:&quot;scroll&quot;,&quot;jet_parallax_layout_z_index&quot;:&quot;&quot;,&quot;jet_parallax_layout_bg_x&quot;:50,&quot;jet_parallax_layout_bg_y&quot;:50,&quot;jet_parallax_layout_bg_size&quot;:&quot;auto&quot;,&quot;jet_parallax_layout_animation_prop&quot;:&quot;transform&quot;,&quot;jet_parallax_layout_on&quot;:[&quot;desktop&quot;,&quot;tablet&quot;],&quot;jet_parallax_layout_image_tablet&quot;:{&quot;url&quot;:&quot;&quot;,&quot;id&quot;:&quot;&quot;,&quot;size&quot;:&quot;&quot;},&quot;jet_parallax_layout_image_mobile&quot;:{&quot;url&quot;:&quot;&quot;,&quot;id&quot;:&quot;&quot;,&quot;size&quot;:&quot;&quot;},&quot;jet_parallax_layout_direction&quot;:&quot;1&quot;,&quot;jet_parallax_layout_fx_direction&quot;:null,&quot;jet_parallax_layout_bg_x_tablet&quot;:&quot;&quot;,&quot;jet_parallax_layout_bg_x_mobile&quot;:&quot;&quot;,&quot;jet_parallax_layout_bg_y_tablet&quot;:&quot;&quot;,&quot;jet_parallax_layout_bg_y_mobile&quot;:&quot;&quot;,&quot;jet_parallax_layout_bg_size_tablet&quot;:&quot;&quot;,&quot;jet_parallax_layout_bg_size_mobile&quot;:&quot;&quot;}],&quot;stretch_section&quot;:&quot;section-stretched&quot;}\">\n\t\t\t\t\t\t<div class=\"elementor-container elementor-column-gap-default\">\n\t\t\t\t\t<div class=\"elementor-column elementor-col-100 elementor-top-column elementor-element elementor-element-0e972a9\" data-id=\"0e972a9\" data-element_type=\"column\">\n\t\t\t<div class=\"elementor-widget-wrap elementor-element-populated\">\n\t\t\t\t\t\t<section class=\"elementor-section elementor-inner-section elementor-element elementor-element-3583651 elementor-section-full_width pcontcol elementor-section-height-default elementor-section-height-default\" data-id=\"3583651\" data-element_type=\"section\" data-settings=\"{&quot;jet_parallax_layout_list&quot;:[{&quot;jet_parallax_layout_image&quot;:{&quot;url&quot;:&quot;&quot;,&quot;id&quot;:&quot;&quot;,&quot;size&quot;:&quot;&quot;},&quot;_id&quot;:&quot;edc8c20&quot;,&quot;jet_parallax_layout_speed&quot;:{&quot;unit&quot;:&quot;%&quot;,&quot;size&quot;:50,&quot;sizes&quot;:[]},&quot;jet_parallax_layout_type&quot;:&quot;scroll&quot;,&quot;jet_parallax_layout_z_index&quot;:&quot;&quot;,&quot;jet_parallax_layout_bg_x&quot;:50,&quot;jet_parallax_layout_bg_y&quot;:50,&quot;jet_parallax_layout_bg_size&quot;:&quot;auto&quot;,&quot;jet_parallax_layout_animation_prop&quot;:&quot;transform&quot;,&quot;jet_parallax_layout_on&quot;:[&quot;desktop&quot;,&quot;tablet&quot;],&quot;jet_parallax_layout_image_tablet&quot;:{&quot;url&quot;:&quot;&quot;,&quot;id&quot;:&quot;&quot;,&quot;size&quot;:&quot;&quot;},&quot;jet_parallax_layout_image_mobile&quot;:{&quot;url&quot;:&quot;&quot;,&quot;id&quot;:&quot;&quot;,&quot;size&quot;:&quot;&quot;},&quot;jet_parallax_layout_direction&quot;:&quot;1&quot;,&quot;jet_parallax_layout_fx_direction&quot;:null,&quot;jet_parallax_layout_bg_x_tablet&quot;:&quot;&quot;,&quot;jet_parallax_layout_bg_x_mobile&quot;:&quot;&quot;,&quot;jet_parallax_layout_bg_y_tablet&quot;:&quot;&quot;,&quot;jet_parallax_layout_bg_y_mobile&quot;:&quot;&quot;,&quot;jet_parallax_layout_bg_size_tablet&quot;:&quot;&quot;,&quot;jet_parallax_layout_bg_size_mobile&quot;:&quot;&quot;}]}\">\n\t\t\t\t\t\t<div class=\"elementor-container elementor-column-gap-default\">\n\t\t\t\t\t<div class=\"elementor-column elementor-col-50 elementor-inner-column elementor-element elementor-element-e695d60\" data-id=\"e695d60\" data-element_type=\"column\">\n\t\t\t<div class=\"elementor-widget-wrap elementor-element-populated\">\n\t\t\t\t\t\t<div class=\"elementor-element elementor-element-9646f5c elementor-widget elementor-widget-heading\" data-id=\"9646f5c\" data-element_type=\"widget\" data-widget_type=\"heading.default\">\n\t\t\t\t<div class=\"elementor-widget-container\">\n\t\t\t\t\t<h2 class=\"elementor-heading-title elementor-size-default\">PROGRAMA<\/h2>\t\t\t\t<\/div>\n\t\t\t\t<\/div>\n\t\t\t\t\t<\/div>\n\t\t<\/div>\n\t\t\t\t<div class=\"elementor-column elementor-col-50 elementor-inner-column elementor-element elementor-element-64d8490\" data-id=\"64d8490\" data-element_type=\"column\">\n\t\t\t<div class=\"elementor-widget-wrap elementor-element-populated\">\n\t\t\t\t\t\t<div class=\"elementor-element elementor-element-6b77350 elementor-widget elementor-widget-heading\" data-id=\"6b77350\" data-element_type=\"widget\" data-widget_type=\"heading.default\">\n\t\t\t\t<div class=\"elementor-widget-container\">\n\t\t\t\t\t<h2 class=\"elementor-heading-title elementor-size-default\">QU\u00c8 INCLOU?<\/h2>\t\t\t\t<\/div>\n\t\t\t\t<\/div>\n\t\t\t\t<div class=\"elementor-element elementor-element-2692efc pcol2 elementor-widget elementor-widget-text-editor\" data-id=\"2692efc\" data-element_type=\"widget\" data-widget_type=\"text-editor.default\">\n\t\t\t\t<div class=\"elementor-widget-container\">\n\t\t\t\t\t\t\t\t\t<p>Coordinaci\u00f3n del programa.<\/p>\n<p>Visita amb guia especializar als llocs assenyalats.<\/p>\n<p>Dinar en restaurant local.<\/p>\n<p>Segurs de RC i accidents.<\/p>\n<p>No inclou: esmorzar (opcional)<\/p>\n\t\t\t\t\t\t\t\t<\/div>\n\t\t\t\t<\/div>\n\t\t\t\t<div class=\"elementor-element elementor-element-6f20bd6 elementor-widget elementor-widget-heading\" data-id=\"6f20bd6\" data-element_type=\"widget\" data-widget_type=\"heading.default\">\n\t\t\t\t<div class=\"elementor-widget-container\">\n\t\t\t\t\t<h2 class=\"elementor-heading-title elementor-size-default\">RECOMANACIONS<\/h2>\t\t\t\t<\/div>\n\t\t\t\t<\/div>\n\t\t\t\t<div class=\"elementor-element elementor-element-dbbdf6a pcol2 elementor-widget elementor-widget-text-editor\" data-id=\"dbbdf6a\" data-element_type=\"widget\" data-widget_type=\"text-editor.default\">\n\t\t\t\t<div class=\"elementor-widget-container\">\n\t\t\t\t\t\t\t\t\t<p>Dur esmorzar i aigua.<\/p>\n<p>Roba i cal\u00e7at c\u00f3mode.<\/p>\n\t\t\t\t\t\t\t\t<\/div>\n\t\t\t\t<\/div>\n\t\t\t\t\t<\/div>\n\t\t<\/div>\n\t\t\t\t\t<\/div>\n\t\t<\/section>\n\t\t\t\t\t<\/div>\n\t\t<\/div>\n\t\t\t\t\t<\/div>\n\t\t<\/section>\n\t\t\t\t<\/div>\n\t\t","protected":false},"excerpt":{"rendered":"<p><span style=\"color: #49ccd4;\">Min:<\/span>\u00a035 persones\u00a0 \/<span style=\"color: #49ccd4;\"> M\u00e1x:<\/span> 50 persones<\/p>\n<p>La Valltorta i Sant Mateu s\u00f3n dos llocs d&#8217;un inter\u00e8s hist\u00f2ric i cultural inigualables.<\/p>\n<p>El primer, incl\u00f2s en el Parcial Natural de la Valltorta-La Gasulla, reconegut per la UNESCO com a Patrimoni Mundial de la Humanitat en l&#8217;any 1998, pel conjunt d&#8217;art rupestre que alberga: art llevant\u00ed creat fa milers d&#8217;anys pels darrers ca\u00e7adors-recolectors.<\/p>\n<h4 class=\"customPriceStyle\"><span style=\"color: #49ccd4; font-size: 25px;\">29\u20ac\/persona<\/span><\/h4>\n","protected":false},"featured_media":2725,"template":"","meta":[],"product_brand":[],"product_cat":[79],"product_tag":[126,127],"class_list":{"0":"post-2695","1":"product","2":"type-product","3":"status-publish","4":"has-post-thumbnail","6":"product_cat-rutes","7":"product_tag-patrimoni-historic","8":"product_tag-turisme-cultural","10":"first","11":"instock","12":"virtual","13":"sold-individually","14":"taxable","15":"purchasable","16":"product-type-booking"},"yoast_head":"<!-- This site is optimized with the Yoast SEO plugin v25.8 - https:\/\/yoast.com\/wordpress\/plugins\/seo\/ -->\n<title>La Valltorta - Sant Mateu: un viatge al passat - Natura y Cultura Tours<\/title>\n<meta name=\"robots\" content=\"index, follow, max-snippet:-1, max-image-preview:large, max-video-preview:-1\" \/>\n<link rel=\"canonical\" href=\"https:\/\/naturayculturatours.com\/val\/reservas\/la-valltorta-sant-mateu-un-viaje-al-pasado\/\" \/>\n<meta property=\"og:locale\" content=\"en_US\" \/>\n<meta property=\"og:type\" content=\"article\" \/>\n<meta property=\"og:title\" content=\"La Valltorta - Sant Mateu: un viatge al passat - Natura y Cultura Tours\" \/>\n<meta property=\"og:description\" content=\"Min:\u00a035 persones\u00a0 \/ M\u00e1x: 50 persones  La Valltorta i Sant Mateu s\u00f3n dos llocs d&#039;un inter\u00e8s hist\u00f2ric i cultural inigualables.  El primer, incl\u00f2s en el Parcial Natural de la Valltorta-La Gasulla, reconegut per la UNESCO com a Patrimoni Mundial de la Humanitat en l&#039;any 1998, pel conjunt d&#039;art rupestre que alberga: art llevant\u00ed creat fa milers d&#039;anys pels darrers ca\u00e7adors-recolectors. 29\u20ac\/persona\" \/>\n<meta property=\"og:url\" content=\"https:\/\/naturayculturatours.com\/val\/reservas\/la-valltorta-sant-mateu-un-viaje-al-pasado\/\" \/>\n<meta property=\"og:site_name\" content=\"Natura y Cultura Tours\" \/>\n<meta property=\"article:modified_time\" content=\"2019-01-25T12:11:42+00:00\" \/>\n<meta property=\"og:image\" content=\"https:\/\/naturayculturatours.com\/wp-content\/uploads\/2019\/01\/Sant_Mateu_turismo_cultural.jpg\" \/>\n\t<meta property=\"og:image:width\" content=\"900\" \/>\n\t<meta property=\"og:image:height\" content=\"672\" \/>\n\t<meta property=\"og:image:type\" content=\"image\/jpeg\" \/>\n<meta name=\"twitter:card\" content=\"summary_large_image\" \/>\n<script type=\"application\/ld+json\" class=\"yoast-schema-graph\">{\"@context\":\"https:\/\/schema.org\",\"@graph\":[{\"@type\":\"WebPage\",\"@id\":\"https:\/\/naturayculturatours.com\/val\/reservas\/la-valltorta-sant-mateu-un-viaje-al-pasado\/\",\"url\":\"https:\/\/naturayculturatours.com\/val\/reservas\/la-valltorta-sant-mateu-un-viaje-al-pasado\/\",\"name\":\"La Valltorta - Sant Mateu: un viatge al passat - Natura y Cultura Tours\",\"isPartOf\":{\"@id\":\"https:\/\/naturayculturatours.com\/#website\"},\"primaryImageOfPage\":{\"@id\":\"https:\/\/naturayculturatours.com\/val\/reservas\/la-valltorta-sant-mateu-un-viaje-al-pasado\/#primaryimage\"},\"image\":{\"@id\":\"https:\/\/naturayculturatours.com\/val\/reservas\/la-valltorta-sant-mateu-un-viaje-al-pasado\/#primaryimage\"},\"thumbnailUrl\":\"https:\/\/naturayculturatours.com\/wp-content\/uploads\/2019\/01\/Sant_Mateu_turismo_cultural.jpg\",\"datePublished\":\"2019-01-22T10:55:33+00:00\",\"dateModified\":\"2019-01-25T12:11:42+00:00\",\"breadcrumb\":{\"@id\":\"https:\/\/naturayculturatours.com\/val\/reservas\/la-valltorta-sant-mateu-un-viaje-al-pasado\/#breadcrumb\"},\"inLanguage\":\"val\",\"potentialAction\":[{\"@type\":\"ReadAction\",\"target\":[\"https:\/\/naturayculturatours.com\/val\/reservas\/la-valltorta-sant-mateu-un-viaje-al-pasado\/\"]}]},{\"@type\":\"ImageObject\",\"inLanguage\":\"val\",\"@id\":\"https:\/\/naturayculturatours.com\/val\/reservas\/la-valltorta-sant-mateu-un-viaje-al-pasado\/#primaryimage\",\"url\":\"https:\/\/naturayculturatours.com\/wp-content\/uploads\/2019\/01\/Sant_Mateu_turismo_cultural.jpg\",\"contentUrl\":\"https:\/\/naturayculturatours.com\/wp-content\/uploads\/2019\/01\/Sant_Mateu_turismo_cultural.jpg\",\"width\":900,\"height\":672},{\"@type\":\"BreadcrumbList\",\"@id\":\"https:\/\/naturayculturatours.com\/val\/reservas\/la-valltorta-sant-mateu-un-viaje-al-pasado\/#breadcrumb\",\"itemListElement\":[{\"@type\":\"ListItem\",\"position\":1,\"name\":\"Portada\",\"item\":\"https:\/\/naturayculturatours.com\/val\/\"},{\"@type\":\"ListItem\",\"position\":2,\"name\":\"Shop\",\"item\":\"https:\/\/naturayculturatours.com\/val\/tenda\/\"},{\"@type\":\"ListItem\",\"position\":3,\"name\":\"La Valltorta &#8211; Sant Mateu: un viatge al passat\"}]},{\"@type\":\"WebSite\",\"@id\":\"https:\/\/naturayculturatours.com\/#website\",\"url\":\"https:\/\/naturayculturatours.com\/\",\"name\":\"Natura y Cultura Tours\",\"description\":\"Turismo responsable\",\"publisher\":{\"@id\":\"https:\/\/naturayculturatours.com\/#organization\"},\"potentialAction\":[{\"@type\":\"SearchAction\",\"target\":{\"@type\":\"EntryPoint\",\"urlTemplate\":\"https:\/\/naturayculturatours.com\/?s={search_term_string}\"},\"query-input\":{\"@type\":\"PropertyValueSpecification\",\"valueRequired\":true,\"valueName\":\"search_term_string\"}}],\"inLanguage\":\"val\"},{\"@type\":\"Organization\",\"@id\":\"https:\/\/naturayculturatours.com\/#organization\",\"name\":\"Natura y Cultura Tours\",\"url\":\"https:\/\/naturayculturatours.com\/\",\"logo\":{\"@type\":\"ImageObject\",\"inLanguage\":\"val\",\"@id\":\"https:\/\/naturayculturatours.com\/#\/schema\/logo\/image\/\",\"url\":\"https:\/\/naturayculturatours.com\/wp-content\/uploads\/2025\/10\/cropped-Logo-nYc-pequeno.png\",\"contentUrl\":\"https:\/\/naturayculturatours.com\/wp-content\/uploads\/2025\/10\/cropped-Logo-nYc-pequeno.png\",\"width\":300,\"height\":115,\"caption\":\"Natura y Cultura Tours\"},\"image\":{\"@id\":\"https:\/\/naturayculturatours.com\/#\/schema\/logo\/image\/\"}}]}<\/script>\n<!-- \/ Yoast SEO plugin. -->","yoast_head_json":{"title":"La Valltorta - Sant Mateu: un viatge al passat - Natura y Cultura Tours","robots":{"index":"index","follow":"follow","max-snippet":"max-snippet:-1","max-image-preview":"max-image-preview:large","max-video-preview":"max-video-preview:-1"},"canonical":"https:\/\/naturayculturatours.com\/val\/reservas\/la-valltorta-sant-mateu-un-viaje-al-pasado\/","og_locale":"en_US","og_type":"article","og_title":"La Valltorta - Sant Mateu: un viatge al passat - Natura y Cultura Tours","og_description":"Min:\u00a035 persones\u00a0 \/ M\u00e1x: 50 persones  La Valltorta i Sant Mateu s\u00f3n dos llocs d'un inter\u00e8s hist\u00f2ric i cultural inigualables.  El primer, incl\u00f2s en el Parcial Natural de la Valltorta-La Gasulla, reconegut per la UNESCO com a Patrimoni Mundial de la Humanitat en l'any 1998, pel conjunt d'art rupestre que alberga: art llevant\u00ed creat fa milers d'anys pels darrers ca\u00e7adors-recolectors. 29\u20ac\/persona","og_url":"https:\/\/naturayculturatours.com\/val\/reservas\/la-valltorta-sant-mateu-un-viaje-al-pasado\/","og_site_name":"Natura y Cultura Tours","article_modified_time":"2019-01-25T12:11:42+00:00","og_image":[{"width":900,"height":672,"url":"https:\/\/naturayculturatours.com\/wp-content\/uploads\/2019\/01\/Sant_Mateu_turismo_cultural.jpg","type":"image\/jpeg"}],"twitter_card":"summary_large_image","schema":{"@context":"https:\/\/schema.org","@graph":[{"@type":"WebPage","@id":"https:\/\/naturayculturatours.com\/val\/reservas\/la-valltorta-sant-mateu-un-viaje-al-pasado\/","url":"https:\/\/naturayculturatours.com\/val\/reservas\/la-valltorta-sant-mateu-un-viaje-al-pasado\/","name":"La Valltorta - Sant Mateu: un viatge al passat - Natura y Cultura Tours","isPartOf":{"@id":"https:\/\/naturayculturatours.com\/#website"},"primaryImageOfPage":{"@id":"https:\/\/naturayculturatours.com\/val\/reservas\/la-valltorta-sant-mateu-un-viaje-al-pasado\/#primaryimage"},"image":{"@id":"https:\/\/naturayculturatours.com\/val\/reservas\/la-valltorta-sant-mateu-un-viaje-al-pasado\/#primaryimage"},"thumbnailUrl":"https:\/\/naturayculturatours.com\/wp-content\/uploads\/2019\/01\/Sant_Mateu_turismo_cultural.jpg","datePublished":"2019-01-22T10:55:33+00:00","dateModified":"2019-01-25T12:11:42+00:00","breadcrumb":{"@id":"https:\/\/naturayculturatours.com\/val\/reservas\/la-valltorta-sant-mateu-un-viaje-al-pasado\/#breadcrumb"},"inLanguage":"val","potentialAction":[{"@type":"ReadAction","target":["https:\/\/naturayculturatours.com\/val\/reservas\/la-valltorta-sant-mateu-un-viaje-al-pasado\/"]}]},{"@type":"ImageObject","inLanguage":"val","@id":"https:\/\/naturayculturatours.com\/val\/reservas\/la-valltorta-sant-mateu-un-viaje-al-pasado\/#primaryimage","url":"https:\/\/naturayculturatours.com\/wp-content\/uploads\/2019\/01\/Sant_Mateu_turismo_cultural.jpg","contentUrl":"https:\/\/naturayculturatours.com\/wp-content\/uploads\/2019\/01\/Sant_Mateu_turismo_cultural.jpg","width":900,"height":672},{"@type":"BreadcrumbList","@id":"https:\/\/naturayculturatours.com\/val\/reservas\/la-valltorta-sant-mateu-un-viaje-al-pasado\/#breadcrumb","itemListElement":[{"@type":"ListItem","position":1,"name":"Portada","item":"https:\/\/naturayculturatours.com\/val\/"},{"@type":"ListItem","position":2,"name":"Shop","item":"https:\/\/naturayculturatours.com\/val\/tenda\/"},{"@type":"ListItem","position":3,"name":"La Valltorta &#8211; Sant Mateu: un viatge al passat"}]},{"@type":"WebSite","@id":"https:\/\/naturayculturatours.com\/#website","url":"https:\/\/naturayculturatours.com\/","name":"Natura y Cultura Tours","description":"Turismo responsable","publisher":{"@id":"https:\/\/naturayculturatours.com\/#organization"},"potentialAction":[{"@type":"SearchAction","target":{"@type":"EntryPoint","urlTemplate":"https:\/\/naturayculturatours.com\/?s={search_term_string}"},"query-input":{"@type":"PropertyValueSpecification","valueRequired":true,"valueName":"search_term_string"}}],"inLanguage":"val"},{"@type":"Organization","@id":"https:\/\/naturayculturatours.com\/#organization","name":"Natura y Cultura Tours","url":"https:\/\/naturayculturatours.com\/","logo":{"@type":"ImageObject","inLanguage":"val","@id":"https:\/\/naturayculturatours.com\/#\/schema\/logo\/image\/","url":"https:\/\/naturayculturatours.com\/wp-content\/uploads\/2025\/10\/cropped-Logo-nYc-pequeno.png","contentUrl":"https:\/\/naturayculturatours.com\/wp-content\/uploads\/2025\/10\/cropped-Logo-nYc-pequeno.png","width":300,"height":115,"caption":"Natura y Cultura Tours"},"image":{"@id":"https:\/\/naturayculturatours.com\/#\/schema\/logo\/image\/"}}]}},"_links":{"self":[{"href":"https:\/\/naturayculturatours.com\/val\/wp-json\/wp\/v2\/product\/2695","targetHints":{"allow":["GET"]}}],"collection":[{"href":"https:\/\/naturayculturatours.com\/val\/wp-json\/wp\/v2\/product"}],"about":[{"href":"https:\/\/naturayculturatours.com\/val\/wp-json\/wp\/v2\/types\/product"}],"version-history":[{"count":10,"href":"https:\/\/naturayculturatours.com\/val\/wp-json\/wp\/v2\/product\/2695\/revisions"}],"predecessor-version":[{"id":2911,"href":"https:\/\/naturayculturatours.com\/val\/wp-json\/wp\/v2\/product\/2695\/revisions\/2911"}],"wp:featuredmedia":[{"embeddable":true,"href":"https:\/\/naturayculturatours.com\/val\/wp-json\/wp\/v2\/media\/2725"}],"wp:attachment":[{"href":"https:\/\/naturayculturatours.com\/val\/wp-json\/wp\/v2\/media?parent=2695"}],"wp:term":[{"taxonomy":"product_brand","embeddable":true,"href":"https:\/\/naturayculturatours.com\/val\/wp-json\/wp\/v2\/product_brand?post=2695"},{"taxonomy":"product_cat","embeddable":true,"href":"https:\/\/naturayculturatours.com\/val\/wp-json\/wp\/v2\/product_cat?post=2695"},{"taxonomy":"product_tag","embeddable":true,"href":"https:\/\/naturayculturatours.com\/val\/wp-json\/wp\/v2\/product_tag?post=2695"}],"curies":[{"name":"wp","href":"https:\/\/api.w.org\/{rel}","templated":true}]}}