{"id":5552,"date":"2026-04-20T12:59:11","date_gmt":"2026-04-20T10:59:11","guid":{"rendered":"https:\/\/naturayculturatours.com\/?post_type=product&#038;p=5552"},"modified":"2026-04-20T13:13:26","modified_gmt":"2026-04-20T11:13:26","slug":"multiaventura-en-las-hoces-del-cabriel-copia","status":"publish","type":"product","link":"https:\/\/naturayculturatours.com\/val\/reservas\/multiaventura-en-las-hoces-del-cabriel-copia\/","title":{"rendered":"La Albufera y sus ecosistemas UPV"},"content":{"rendered":"\t\t<div data-elementor-type=\"wp-post\" data-elementor-id=\"5552\" class=\"elementor elementor-5552 elementor-5551\" data-elementor-post-type=\"product\">\n\t\t\t\t\t\t<section class=\"elementor-section elementor-top-section elementor-element elementor-element-19cfea0 elementor-section-stretched pcont elementor-section-boxed elementor-section-height-default elementor-section-height-default\" data-id=\"19cfea0\" data-element_type=\"section\" id=\"pcont\" data-settings=\"{&quot;jet_parallax_layout_list&quot;:[{&quot;jet_parallax_layout_image&quot;:{&quot;url&quot;:&quot;&quot;,&quot;id&quot;:&quot;&quot;,&quot;size&quot;:&quot;&quot;},&quot;_id&quot;:&quot;7e8327b&quot;,&quot;jet_parallax_layout_speed&quot;:{&quot;unit&quot;:&quot;%&quot;,&quot;size&quot;:50,&quot;sizes&quot;:[]},&quot;jet_parallax_layout_image_tablet&quot;:{&quot;url&quot;:&quot;&quot;,&quot;id&quot;:&quot;&quot;,&quot;size&quot;:&quot;&quot;},&quot;jet_parallax_layout_image_mobile&quot;:{&quot;url&quot;:&quot;&quot;,&quot;id&quot;:&quot;&quot;,&quot;size&quot;:&quot;&quot;},&quot;jet_parallax_layout_type&quot;:&quot;scroll&quot;,&quot;jet_parallax_layout_direction&quot;:&quot;1&quot;,&quot;jet_parallax_layout_fx_direction&quot;:null,&quot;jet_parallax_layout_z_index&quot;:&quot;&quot;,&quot;jet_parallax_layout_bg_x&quot;:50,&quot;jet_parallax_layout_bg_x_tablet&quot;:&quot;&quot;,&quot;jet_parallax_layout_bg_x_mobile&quot;:&quot;&quot;,&quot;jet_parallax_layout_bg_y&quot;:50,&quot;jet_parallax_layout_bg_y_tablet&quot;:&quot;&quot;,&quot;jet_parallax_layout_bg_y_mobile&quot;:&quot;&quot;,&quot;jet_parallax_layout_bg_size&quot;:&quot;auto&quot;,&quot;jet_parallax_layout_bg_size_tablet&quot;:&quot;&quot;,&quot;jet_parallax_layout_bg_size_mobile&quot;:&quot;&quot;,&quot;jet_parallax_layout_animation_prop&quot;:&quot;transform&quot;,&quot;jet_parallax_layout_on&quot;:[&quot;desktop&quot;,&quot;tablet&quot;]}],&quot;stretch_section&quot;:&quot;section-stretched&quot;}\">\n\t\t\t\t\t\t<div class=\"elementor-container elementor-column-gap-default\">\n\t\t\t\t\t<div class=\"elementor-column elementor-col-100 elementor-top-column elementor-element elementor-element-0e972a9\" data-id=\"0e972a9\" data-element_type=\"column\">\n\t\t\t<div class=\"elementor-widget-wrap elementor-element-populated\">\n\t\t\t\t\t\t<section class=\"elementor-section elementor-inner-section elementor-element elementor-element-4bcfcc7 elementor-section-full_width pcontcol elementor-section-height-default elementor-section-height-default\" data-id=\"4bcfcc7\" data-element_type=\"section\" id=\"pcontcol\" data-settings=\"{&quot;jet_parallax_layout_list&quot;:[{&quot;jet_parallax_layout_image&quot;:{&quot;url&quot;:&quot;&quot;,&quot;id&quot;:&quot;&quot;,&quot;size&quot;:&quot;&quot;},&quot;_id&quot;:&quot;edc8c20&quot;,&quot;jet_parallax_layout_speed&quot;:{&quot;unit&quot;:&quot;%&quot;,&quot;size&quot;:50,&quot;sizes&quot;:[]},&quot;jet_parallax_layout_image_tablet&quot;:{&quot;url&quot;:&quot;&quot;,&quot;id&quot;:&quot;&quot;,&quot;size&quot;:&quot;&quot;},&quot;jet_parallax_layout_image_mobile&quot;:{&quot;url&quot;:&quot;&quot;,&quot;id&quot;:&quot;&quot;,&quot;size&quot;:&quot;&quot;},&quot;jet_parallax_layout_type&quot;:&quot;scroll&quot;,&quot;jet_parallax_layout_direction&quot;:&quot;1&quot;,&quot;jet_parallax_layout_fx_direction&quot;:null,&quot;jet_parallax_layout_z_index&quot;:&quot;&quot;,&quot;jet_parallax_layout_bg_x&quot;:50,&quot;jet_parallax_layout_bg_x_tablet&quot;:&quot;&quot;,&quot;jet_parallax_layout_bg_x_mobile&quot;:&quot;&quot;,&quot;jet_parallax_layout_bg_y&quot;:50,&quot;jet_parallax_layout_bg_y_tablet&quot;:&quot;&quot;,&quot;jet_parallax_layout_bg_y_mobile&quot;:&quot;&quot;,&quot;jet_parallax_layout_bg_size&quot;:&quot;auto&quot;,&quot;jet_parallax_layout_bg_size_tablet&quot;:&quot;&quot;,&quot;jet_parallax_layout_bg_size_mobile&quot;:&quot;&quot;,&quot;jet_parallax_layout_animation_prop&quot;:&quot;transform&quot;,&quot;jet_parallax_layout_on&quot;:[&quot;desktop&quot;,&quot;tablet&quot;]}]}\">\n\t\t\t\t\t\t<div class=\"elementor-container elementor-column-gap-default\">\n\t\t\t\t\t<div class=\"elementor-column elementor-col-50 elementor-inner-column elementor-element elementor-element-b7f9aa3\" data-id=\"b7f9aa3\" data-element_type=\"column\">\n\t\t\t<div class=\"elementor-widget-wrap elementor-element-populated\">\n\t\t\t\t\t\t<div class=\"elementor-element elementor-element-7530ef5 elementor-widget elementor-widget-heading\" data-id=\"7530ef5\" data-element_type=\"widget\" data-widget_type=\"heading.default\">\n\t\t\t\t<div class=\"elementor-widget-container\">\n\t\t\t\t\t<h2 class=\"elementor-heading-title elementor-size-default\">HORA DE SALIDA Y PUNTO DE ENCUENTRO<\/h2>\t\t\t\t<\/div>\n\t\t\t\t<\/div>\n\t\t\t\t<div class=\"elementor-element elementor-element-04e0276 pcol1 elementor-widget elementor-widget-text-editor\" data-id=\"04e0276\" data-element_type=\"widget\" data-widget_type=\"text-editor.default\">\n\t\t\t\t<div class=\"elementor-widget-container\">\n\t\t\t\t\t\t\t\t\t<p><strong>Lugar de Salida:<\/strong> Cam\u00ed Nou, 36 \u2013 Frente edificio Nou Espai.<\/p>\n<p>Hora de salida: s\u00e1bado 8:30 h.<\/p>\n<p>Hora de llegada:\u00a0 domingo 17:00 h.<\/p>\n<p>Edades: de 8 a 18 a\u00f1os<\/p>\n\t\t\t\t\t\t\t\t<\/div>\n\t\t\t\t<\/div>\n\t\t\t\t<div class=\"elementor-element elementor-element-8283c8e elementor-widget elementor-widget-heading\" data-id=\"8283c8e\" data-element_type=\"widget\" data-widget_type=\"heading.default\">\n\t\t\t\t<div class=\"elementor-widget-container\">\n\t\t\t\t\t<h2 class=\"elementor-heading-title elementor-size-default\">\u00bfQU\u00c9 INCLUYE?<\/h2>\t\t\t\t<\/div>\n\t\t\t\t<\/div>\n\t\t\t\t<div class=\"elementor-element elementor-element-04d44c6 pcol2 elementor-widget elementor-widget-text-editor\" data-id=\"04d44c6\" data-element_type=\"widget\" id=\"pcol2\" data-widget_type=\"text-editor.default\">\n\t\t\t\t<div class=\"elementor-widget-container\">\n\t\t\t\t\t\t\t\t\t<ul>\n<li>\n<p class=\"Standard\">Traslado en autob\u00fas.<\/p>\n<\/li>\n<li>\n<p class=\"Standard\">Gu\u00edas de Natura y Cultura, gu\u00edas multiaventura, pensi\u00f3n completa (no incluye almuerzo del primer d\u00eda), actividades de rafting, treking, multiaventura y juego nocturno.<\/p>\n<\/li>\n<li>\n<p class=\"Standard\">Seguro RC.<\/p>\n<\/li>\n<\/ul>\n\t\t\t\t\t\t\t\t<\/div>\n\t\t\t\t<\/div>\n\t\t\t\t\t<\/div>\n\t\t<\/div>\n\t\t\t\t<div class=\"elementor-column elementor-col-50 elementor-inner-column elementor-element elementor-element-88c7057\" data-id=\"88c7057\" data-element_type=\"column\">\n\t\t\t<div class=\"elementor-widget-wrap elementor-element-populated\">\n\t\t\t\t\t\t<div class=\"elementor-element elementor-element-2d6e4a2 elementor-widget elementor-widget-heading\" data-id=\"2d6e4a2\" data-element_type=\"widget\" data-widget_type=\"heading.default\">\n\t\t\t\t<div class=\"elementor-widget-container\">\n\t\t\t\t\t<h2 class=\"elementor-heading-title elementor-size-default\">PROGRAMA<\/h2>\t\t\t\t<\/div>\n\t\t\t\t<\/div>\n\t\t\t\t<div class=\"elementor-element elementor-element-42024f8 pcol1 elementor-widget elementor-widget-text-editor\" data-id=\"42024f8\" data-element_type=\"widget\" id=\"pcol1\" data-widget_type=\"text-editor.default\">\n\t\t\t\t<div class=\"elementor-widget-container\">\n\t\t\t\t\t\t\t\t\t<p class=\"Standard\"><span style=\"font-size: 11.0pt; font-family: Metropolis;\">\u00a0<\/span><b>S\u00e1bado.<\/b> 8:30 h. Salida desde Benet\u00fasser hacia las Hoces del Cabriel \u2013 Venta del Moro.<\/p>\n<p class=\"Standard\">10:00 h. Llegada y preparativos para el fin de semana y las actividades: Almuerzo y actividad de rafting.<\/p>\n<p class=\"Standard\">14:00 h. Comida en restaurante.<\/p>\n<p class=\"Standard\">15:00 h. Actividad de trecking guiada.<\/p>\n<p class=\"Standard\">18:00 h. Merienda.<\/p>\n<p class=\"Standard\">18:30 h. Aseo y tiempo libre dirigido.<\/p>\n<p class=\"Standard\">21:00 h. Cena y juego nocturno (m\u00e1ximo hasta las 00:00 h.)<\/p>\n<p class=\"Standard\">\u00a0<\/p>\n<p class=\"Standard\"><b>Domingo.<\/b> De 8:00 a 9:00 h. Aseo y desayuno.<\/p>\n<p class=\"Standard\">9:00 a 14:00 h. Actividades multiaventura.<\/p>\n<p class=\"Standard\">14:00 a 15:00 h. Comida restaurante. Recogida.<\/p>\n<p class=\"Standard\">15:30 h. Regreso a Benet\u00fasser.<\/p>\n\t\t\t\t\t\t\t\t<\/div>\n\t\t\t\t<\/div>\n\t\t\t\t<div class=\"elementor-element elementor-element-e3beb84 elementor-widget elementor-widget-heading\" data-id=\"e3beb84\" data-element_type=\"widget\" data-widget_type=\"heading.default\">\n\t\t\t\t<div class=\"elementor-widget-container\">\n\t\t\t\t\t<h2 class=\"elementor-heading-title elementor-size-default\">RESERVAS Y CANCELACIONES<\/h2>\t\t\t\t<\/div>\n\t\t\t\t<\/div>\n\t\t\t\t<div class=\"elementor-element elementor-element-fa4432a pcol2 elementor-widget elementor-widget-text-editor\" data-id=\"fa4432a\" data-element_type=\"widget\" data-widget_type=\"text-editor.default\">\n\t\t\t\t<div class=\"elementor-widget-container\">\n\t\t\t\t\t\t\t\t\t<p><strong>MUY IMPORTANTE, DEBE LLEVAR:<\/strong><\/p>\n<p>Mochila y gorra que se recoger\u00e1 en el ayuntamiento con antelaci\u00f3n y bolsa complementaria por necesidad de espacio.<\/p>\n<ul>\n<li>Llevar ropa y calcado apropiados para caminar en la actividad de trecking. Zapatillas que se puedan mojar. Ba\u00f1ador, toalla y saco de dormir. Cepillo de dientes. Muda de recambio.<\/li>\n<li><strong>Almuerzo del primer d\u00eda.<\/strong><\/li>\n<li>Botella recargable para agua.<\/li>\n<li>Protecci\u00f3n solar.<\/li>\n<li><strong>Las personas participantes deben de ser autosuficientes y no precisar de atenciones especiales, dada la caracter\u00edstica de la actividad.<\/strong><\/li>\n<li>Los menores de edad deben firmar la autorizaci\u00f3n, en el momento de la recogida de la mochila y gorra.<\/li>\n<\/ul>\n<p><strong>IMPORTANTE LEER:<\/strong><\/p>\n<p>Se hace un pago como fianza, mediante sistema de pago seguro con Redsys.<\/p>\n<p>La fianza se devolver\u00e1 a la tarjeta durante la semana siguiente tras la actividad siempre que se haya asistido a la misma. En caso de no presentaci\u00f3n se perder\u00e1 la fianza.<\/p>\n\t\t\t\t\t\t\t\t<\/div>\n\t\t\t\t<\/div>\n\t\t\t\t\t<\/div>\n\t\t<\/div>\n\t\t\t\t\t<\/div>\n\t\t<\/section>\n\t\t\t\t\t<\/div>\n\t\t<\/div>\n\t\t\t\t\t<\/div>\n\t\t<\/section>\n\t\t\t\t<\/div>\n\t\t","protected":false},"excerpt":{"rendered":"<p><span style=\"font-size: 18px;\"><strong>Fechas:<\/strong> <strong>29 Abril<\/strong><\/span><\/p>\n<p>Precio actividades y comida: 58\u20ac<\/p>\n<p>Precio solo comida: 30\u20ac<\/p>\n<p>PLAZO DE RESERVA hasta el 22 de abril.<\/p>\n<p>&nbsp;<\/p>\n<p>&nbsp;<\/p>\n","protected":false},"featured_media":5559,"template":"","meta":[],"product_brand":[],"product_cat":[210,80],"product_tag":[240,246],"class_list":{"0":"post-5552","1":"product","2":"type-product","3":"status-publish","4":"has-post-thumbnail","6":"product_cat-naturaleza-val","7":"product_cat-viatges","8":"product_tag-senderismo","9":"product_tag-viajes","11":"first","12":"instock","13":"taxable","14":"shipping-taxable","15":"purchasable","16":"product-type-variable"},"yoast_head":"<!-- This site is optimized with the Yoast SEO plugin v25.8 - https:\/\/yoast.com\/wordpress\/plugins\/seo\/ -->\n<title>La Albufera y sus ecosistemas UPV - Natura y Cultura Tours<\/title>\n<meta name=\"robots\" content=\"index, follow, max-snippet:-1, max-image-preview:large, max-video-preview:-1\" \/>\n<link rel=\"canonical\" href=\"https:\/\/naturayculturatours.com\/val\/reservas\/multiaventura-en-las-hoces-del-cabriel-copia\/\" \/>\n<meta property=\"og:locale\" content=\"en_US\" \/>\n<meta property=\"og:type\" content=\"article\" \/>\n<meta property=\"og:title\" content=\"La Albufera y sus ecosistemas UPV - Natura y Cultura Tours\" \/>\n<meta property=\"og:description\" content=\"Fechas: 29 Abril Precio actividades y comida: 58\u20ac Precio solo comida: 30\u20ac PLAZO DE RESERVA hasta el 22 de abril. &nbsp; &nbsp;\" \/>\n<meta property=\"og:url\" content=\"https:\/\/naturayculturatours.com\/val\/reservas\/multiaventura-en-las-hoces-del-cabriel-copia\/\" \/>\n<meta property=\"og:site_name\" content=\"Natura y Cultura Tours\" \/>\n<meta property=\"article:modified_time\" content=\"2026-04-20T11:13:26+00:00\" \/>\n<meta property=\"og:image\" content=\"https:\/\/naturayculturatours.com\/wp-content\/uploads\/2026\/04\/bosque-saler.jpeg\" \/>\n\t<meta property=\"og:image:width\" content=\"1200\" \/>\n\t<meta property=\"og:image:height\" content=\"800\" \/>\n\t<meta property=\"og:image:type\" content=\"image\/jpeg\" \/>\n<meta name=\"twitter:card\" content=\"summary_large_image\" \/>\n<meta name=\"twitter:label1\" content=\"Est. reading time\" \/>\n\t<meta name=\"twitter:data1\" content=\"2 minutes\" \/>\n<script type=\"application\/ld+json\" class=\"yoast-schema-graph\">{\"@context\":\"https:\/\/schema.org\",\"@graph\":[{\"@type\":\"WebPage\",\"@id\":\"https:\/\/naturayculturatours.com\/val\/reservas\/multiaventura-en-las-hoces-del-cabriel-copia\/\",\"url\":\"https:\/\/naturayculturatours.com\/val\/reservas\/multiaventura-en-las-hoces-del-cabriel-copia\/\",\"name\":\"La Albufera y sus ecosistemas UPV - Natura y Cultura Tours\",\"isPartOf\":{\"@id\":\"https:\/\/naturayculturatours.com\/#website\"},\"primaryImageOfPage\":{\"@id\":\"https:\/\/naturayculturatours.com\/val\/reservas\/multiaventura-en-las-hoces-del-cabriel-copia\/#primaryimage\"},\"image\":{\"@id\":\"https:\/\/naturayculturatours.com\/val\/reservas\/multiaventura-en-las-hoces-del-cabriel-copia\/#primaryimage\"},\"thumbnailUrl\":\"https:\/\/naturayculturatours.com\/wp-content\/uploads\/2026\/04\/bosque-saler.jpeg\",\"datePublished\":\"2026-04-20T10:59:11+00:00\",\"dateModified\":\"2026-04-20T11:13:26+00:00\",\"breadcrumb\":{\"@id\":\"https:\/\/naturayculturatours.com\/val\/reservas\/multiaventura-en-las-hoces-del-cabriel-copia\/#breadcrumb\"},\"inLanguage\":\"val\",\"potentialAction\":[{\"@type\":\"ReadAction\",\"target\":[\"https:\/\/naturayculturatours.com\/val\/reservas\/multiaventura-en-las-hoces-del-cabriel-copia\/\"]}]},{\"@type\":\"ImageObject\",\"inLanguage\":\"val\",\"@id\":\"https:\/\/naturayculturatours.com\/val\/reservas\/multiaventura-en-las-hoces-del-cabriel-copia\/#primaryimage\",\"url\":\"https:\/\/naturayculturatours.com\/wp-content\/uploads\/2026\/04\/bosque-saler.jpeg\",\"contentUrl\":\"https:\/\/naturayculturatours.com\/wp-content\/uploads\/2026\/04\/bosque-saler.jpeg\",\"width\":1200,\"height\":800},{\"@type\":\"BreadcrumbList\",\"@id\":\"https:\/\/naturayculturatours.com\/val\/reservas\/multiaventura-en-las-hoces-del-cabriel-copia\/#breadcrumb\",\"itemListElement\":[{\"@type\":\"ListItem\",\"position\":1,\"name\":\"Portada\",\"item\":\"https:\/\/naturayculturatours.com\/val\/\"},{\"@type\":\"ListItem\",\"position\":2,\"name\":\"Shop\",\"item\":\"https:\/\/naturayculturatours.com\/val\/tenda\/\"},{\"@type\":\"ListItem\",\"position\":3,\"name\":\"La Albufera y sus ecosistemas UPV\"}]},{\"@type\":\"WebSite\",\"@id\":\"https:\/\/naturayculturatours.com\/#website\",\"url\":\"https:\/\/naturayculturatours.com\/\",\"name\":\"Natura y Cultura Tours\",\"description\":\"Turismo responsable\",\"publisher\":{\"@id\":\"https:\/\/naturayculturatours.com\/#organization\"},\"potentialAction\":[{\"@type\":\"SearchAction\",\"target\":{\"@type\":\"EntryPoint\",\"urlTemplate\":\"https:\/\/naturayculturatours.com\/?s={search_term_string}\"},\"query-input\":{\"@type\":\"PropertyValueSpecification\",\"valueRequired\":true,\"valueName\":\"search_term_string\"}}],\"inLanguage\":\"val\"},{\"@type\":\"Organization\",\"@id\":\"https:\/\/naturayculturatours.com\/#organization\",\"name\":\"Natura y Cultura Tours\",\"url\":\"https:\/\/naturayculturatours.com\/\",\"logo\":{\"@type\":\"ImageObject\",\"inLanguage\":\"val\",\"@id\":\"https:\/\/naturayculturatours.com\/#\/schema\/logo\/image\/\",\"url\":\"https:\/\/naturayculturatours.com\/wp-content\/uploads\/2025\/10\/cropped-Logo-nYc-pequeno.png\",\"contentUrl\":\"https:\/\/naturayculturatours.com\/wp-content\/uploads\/2025\/10\/cropped-Logo-nYc-pequeno.png\",\"width\":300,\"height\":115,\"caption\":\"Natura y Cultura Tours\"},\"image\":{\"@id\":\"https:\/\/naturayculturatours.com\/#\/schema\/logo\/image\/\"}}]}<\/script>\n<!-- \/ Yoast SEO plugin. -->","yoast_head_json":{"title":"La Albufera y sus ecosistemas UPV - Natura y Cultura Tours","robots":{"index":"index","follow":"follow","max-snippet":"max-snippet:-1","max-image-preview":"max-image-preview:large","max-video-preview":"max-video-preview:-1"},"canonical":"https:\/\/naturayculturatours.com\/val\/reservas\/multiaventura-en-las-hoces-del-cabriel-copia\/","og_locale":"en_US","og_type":"article","og_title":"La Albufera y sus ecosistemas UPV - Natura y Cultura Tours","og_description":"Fechas: 29 Abril Precio actividades y comida: 58\u20ac Precio solo comida: 30\u20ac PLAZO DE RESERVA hasta el 22 de abril. &nbsp; &nbsp;","og_url":"https:\/\/naturayculturatours.com\/val\/reservas\/multiaventura-en-las-hoces-del-cabriel-copia\/","og_site_name":"Natura y Cultura Tours","article_modified_time":"2026-04-20T11:13:26+00:00","og_image":[{"width":1200,"height":800,"url":"https:\/\/naturayculturatours.com\/wp-content\/uploads\/2026\/04\/bosque-saler.jpeg","type":"image\/jpeg"}],"twitter_card":"summary_large_image","twitter_misc":{"Est. reading time":"2 minutes"},"schema":{"@context":"https:\/\/schema.org","@graph":[{"@type":"WebPage","@id":"https:\/\/naturayculturatours.com\/val\/reservas\/multiaventura-en-las-hoces-del-cabriel-copia\/","url":"https:\/\/naturayculturatours.com\/val\/reservas\/multiaventura-en-las-hoces-del-cabriel-copia\/","name":"La Albufera y sus ecosistemas UPV - Natura y Cultura Tours","isPartOf":{"@id":"https:\/\/naturayculturatours.com\/#website"},"primaryImageOfPage":{"@id":"https:\/\/naturayculturatours.com\/val\/reservas\/multiaventura-en-las-hoces-del-cabriel-copia\/#primaryimage"},"image":{"@id":"https:\/\/naturayculturatours.com\/val\/reservas\/multiaventura-en-las-hoces-del-cabriel-copia\/#primaryimage"},"thumbnailUrl":"https:\/\/naturayculturatours.com\/wp-content\/uploads\/2026\/04\/bosque-saler.jpeg","datePublished":"2026-04-20T10:59:11+00:00","dateModified":"2026-04-20T11:13:26+00:00","breadcrumb":{"@id":"https:\/\/naturayculturatours.com\/val\/reservas\/multiaventura-en-las-hoces-del-cabriel-copia\/#breadcrumb"},"inLanguage":"val","potentialAction":[{"@type":"ReadAction","target":["https:\/\/naturayculturatours.com\/val\/reservas\/multiaventura-en-las-hoces-del-cabriel-copia\/"]}]},{"@type":"ImageObject","inLanguage":"val","@id":"https:\/\/naturayculturatours.com\/val\/reservas\/multiaventura-en-las-hoces-del-cabriel-copia\/#primaryimage","url":"https:\/\/naturayculturatours.com\/wp-content\/uploads\/2026\/04\/bosque-saler.jpeg","contentUrl":"https:\/\/naturayculturatours.com\/wp-content\/uploads\/2026\/04\/bosque-saler.jpeg","width":1200,"height":800},{"@type":"BreadcrumbList","@id":"https:\/\/naturayculturatours.com\/val\/reservas\/multiaventura-en-las-hoces-del-cabriel-copia\/#breadcrumb","itemListElement":[{"@type":"ListItem","position":1,"name":"Portada","item":"https:\/\/naturayculturatours.com\/val\/"},{"@type":"ListItem","position":2,"name":"Shop","item":"https:\/\/naturayculturatours.com\/val\/tenda\/"},{"@type":"ListItem","position":3,"name":"La Albufera y sus ecosistemas UPV"}]},{"@type":"WebSite","@id":"https:\/\/naturayculturatours.com\/#website","url":"https:\/\/naturayculturatours.com\/","name":"Natura y Cultura Tours","description":"Turismo responsable","publisher":{"@id":"https:\/\/naturayculturatours.com\/#organization"},"potentialAction":[{"@type":"SearchAction","target":{"@type":"EntryPoint","urlTemplate":"https:\/\/naturayculturatours.com\/?s={search_term_string}"},"query-input":{"@type":"PropertyValueSpecification","valueRequired":true,"valueName":"search_term_string"}}],"inLanguage":"val"},{"@type":"Organization","@id":"https:\/\/naturayculturatours.com\/#organization","name":"Natura y Cultura Tours","url":"https:\/\/naturayculturatours.com\/","logo":{"@type":"ImageObject","inLanguage":"val","@id":"https:\/\/naturayculturatours.com\/#\/schema\/logo\/image\/","url":"https:\/\/naturayculturatours.com\/wp-content\/uploads\/2025\/10\/cropped-Logo-nYc-pequeno.png","contentUrl":"https:\/\/naturayculturatours.com\/wp-content\/uploads\/2025\/10\/cropped-Logo-nYc-pequeno.png","width":300,"height":115,"caption":"Natura y Cultura Tours"},"image":{"@id":"https:\/\/naturayculturatours.com\/#\/schema\/logo\/image\/"}}]}},"_links":{"self":[{"href":"https:\/\/naturayculturatours.com\/val\/wp-json\/wp\/v2\/product\/5552","targetHints":{"allow":["GET"]}}],"collection":[{"href":"https:\/\/naturayculturatours.com\/val\/wp-json\/wp\/v2\/product"}],"about":[{"href":"https:\/\/naturayculturatours.com\/val\/wp-json\/wp\/v2\/types\/product"}],"version-history":[{"count":2,"href":"https:\/\/naturayculturatours.com\/val\/wp-json\/wp\/v2\/product\/5552\/revisions"}],"predecessor-version":[{"id":5565,"href":"https:\/\/naturayculturatours.com\/val\/wp-json\/wp\/v2\/product\/5552\/revisions\/5565"}],"wp:featuredmedia":[{"embeddable":true,"href":"https:\/\/naturayculturatours.com\/val\/wp-json\/wp\/v2\/media\/5559"}],"wp:attachment":[{"href":"https:\/\/naturayculturatours.com\/val\/wp-json\/wp\/v2\/media?parent=5552"}],"wp:term":[{"taxonomy":"product_brand","embeddable":true,"href":"https:\/\/naturayculturatours.com\/val\/wp-json\/wp\/v2\/product_brand?post=5552"},{"taxonomy":"product_cat","embeddable":true,"href":"https:\/\/naturayculturatours.com\/val\/wp-json\/wp\/v2\/product_cat?post=5552"},{"taxonomy":"product_tag","embeddable":true,"href":"https:\/\/naturayculturatours.com\/val\/wp-json\/wp\/v2\/product_tag?post=5552"}],"curies":[{"name":"wp","href":"https:\/\/api.w.org\/{rel}","templated":true}]}}